{"id":20,"date":"2023-11-15T09:09:14","date_gmt":"2023-11-15T09:09:14","guid":{"rendered":"https:\/\/catalans.ie\/?page_id=20"},"modified":"2025-09-04T11:06:44","modified_gmt":"2025-09-04T10:06:44","slug":"casal-catala-irlanda","status":"publish","type":"page","link":"https:\/\/catalans.ie\/en\/catalan-house-ireland\/","title":{"rendered":"Casal Catal\u00e0 d&#8217;Irlanda"},"content":{"rendered":"<div data-elementor-type=\"wp-page\" data-elementor-id=\"20\" class=\"elementor elementor-20\" data-elementor-post-type=\"page\">\n\t\t\t\t<div class=\"elementor-element elementor-element-3a087f0 e-con-full e-flex e-con e-parent\" data-id=\"3a087f0\" data-element_type=\"container\" data-settings=\"{&quot;background_background&quot;:&quot;classic&quot;}\">\n\t\t<div class=\"elementor-element elementor-element-2392e15 e-con-full e-flex e-con e-child\" data-id=\"2392e15\" data-element_type=\"container\">\n\t\t\t\t<div class=\"elementor-element elementor-element-4d5875d elementor-widget elementor-widget-heading\" data-id=\"4d5875d\" data-element_type=\"widget\" data-widget_type=\"heading.default\">\n\t\t\t\t<div class=\"elementor-widget-container\">\n\t\t\t<style>\/*! elementor - v3.22.0 - 26-06-2024 *\/\n.elementor-heading-title{padding:0;margin:0;line-height:1}.elementor-widget-heading .elementor-heading-title[class*=elementor-size-]>a{color:inherit;font-size:inherit;line-height:inherit}.elementor-widget-heading .elementor-heading-title.elementor-size-small{font-size:15px}.elementor-widget-heading .elementor-heading-title.elementor-size-medium{font-size:19px}.elementor-widget-heading .elementor-heading-title.elementor-size-large{font-size:29px}.elementor-widget-heading .elementor-heading-title.elementor-size-xl{font-size:39px}.elementor-widget-heading .elementor-heading-title.elementor-size-xxl{font-size:59px}<\/style><h2 class=\"elementor-heading-title elementor-size-default\">Presentation of the Casal Catal\u00e0 d\u2019Irlanda<\/h2>\t\t<\/div>\n\t\t\t\t<\/div>\n\t\t\t\t<\/div>\n\t\t\t\t<\/div>\n\t\t<div class=\"elementor-element elementor-element-457a909 e-flex e-con-boxed e-con e-parent\" data-id=\"457a909\" data-element_type=\"container\" data-settings=\"{&quot;background_background&quot;:&quot;classic&quot;}\">\n\t\t\t\t\t<div class=\"e-con-inner\">\n\t\t<div class=\"elementor-element elementor-element-06b535f e-con-full e-flex e-con e-child\" data-id=\"06b535f\" data-element_type=\"container\">\n\t\t\t\t<div class=\"elementor-element elementor-element-23404e0 elementor-widget elementor-widget-text-editor\" data-id=\"23404e0\" data-element_type=\"widget\" data-widget_type=\"text-editor.default\">\n\t\t\t\t<div class=\"elementor-widget-container\">\n\t\t\t<style>\/*! elementor - v3.22.0 - 26-06-2024 *\/\n.elementor-widget-text-editor.elementor-drop-cap-view-stacked .elementor-drop-cap{background-color:#69727d;color:#fff}.elementor-widget-text-editor.elementor-drop-cap-view-framed .elementor-drop-cap{color:#69727d;border:3px solid;background-color:transparent}.elementor-widget-text-editor:not(.elementor-drop-cap-view-default) .elementor-drop-cap{margin-top:8px}.elementor-widget-text-editor:not(.elementor-drop-cap-view-default) .elementor-drop-cap-letter{width:1em;height:1em}.elementor-widget-text-editor .elementor-drop-cap{float:left;text-align:center;line-height:1;font-size:50px}.elementor-widget-text-editor .elementor-drop-cap-letter{display:inline-block}<\/style>\t\t\t\t<p class=\"translation-block\">El  <strong>Casal Catal\u00e0 d\u2019Irlanda is a cultural and social entity without profit motive<\/strong>  whose main objective is to promote Catalan culture in Ireland and establish ties among the Catalan community residing in Ireland. The organization has its roots in the Catalan diaspora and becomes a meeting point for those who want to maintain and share their cultural and linguistic roots from afar.<\/p><p class=\"translation-block\">The cultural objectives of the Casal Catal\u00e0 d\u2019Irlanda are varied and cover different areas. Below are some of the most relevant objectives:<\/p>\t\t\t\t\t\t<\/div>\n\t\t\t\t<\/div>\n\t\t\t\t<\/div>\n\t\t\t\t\t<\/div>\n\t\t\t\t<\/div>\n\t\t<div class=\"elementor-element elementor-element-30dfcae e-flex e-con-boxed e-con e-parent\" data-id=\"30dfcae\" data-element_type=\"container\" data-settings=\"{&quot;background_background&quot;:&quot;classic&quot;}\">\n\t\t\t\t\t<div class=\"e-con-inner\">\n\t\t<div class=\"elementor-element elementor-element-2d32d36 e-con-full e-flex e-con e-child\" data-id=\"2d32d36\" data-element_type=\"container\">\n\t\t\t\t<div class=\"elementor-element elementor-element-dd14e44 elementor-widget elementor-widget-image\" data-id=\"dd14e44\" data-element_type=\"widget\" data-widget_type=\"image.default\">\n\t\t\t\t<div class=\"elementor-widget-container\">\n\t\t\t<style>\/*! elementor - v3.22.0 - 26-06-2024 *\/\n.elementor-widget-image{text-align:center}.elementor-widget-image a{display:inline-block}.elementor-widget-image a img[src$=\".svg\"]{width:48px}.elementor-widget-image img{vertical-align:middle;display:inline-block}<\/style>\t\t\t\t\t\t\t\t\t\t<img decoding=\"async\" width=\"128\" height=\"100\" src=\"https:\/\/catalans.ie\/wp-content\/uploads\/path204.png\" class=\"attachment-large size-large wp-image-559\" alt=\"\" \/>\t\t\t\t\t\t\t\t\t\t\t\t\t<\/div>\n\t\t\t\t<\/div>\n\t\t\t\t<div class=\"elementor-element elementor-element-d151717 elementor-widget elementor-widget-heading\" data-id=\"d151717\" data-element_type=\"widget\" data-widget_type=\"heading.default\">\n\t\t\t\t<div class=\"elementor-widget-container\">\n\t\t\t<h3 class=\"elementor-heading-title elementor-size-default\">Promotion of the Catalan Language:<\/h3>\t\t<\/div>\n\t\t\t\t<\/div>\n\t\t\t\t<div class=\"elementor-element elementor-element-f188e11 elementor-widget elementor-widget-text-editor\" data-id=\"f188e11\" data-element_type=\"widget\" data-widget_type=\"text-editor.default\">\n\t\t\t\t<div class=\"elementor-widget-container\">\n\t\t\t\t\t\t\t<p>Encouraging the use and dissemination of the Catalan language is one of the priorities of the association. This may include organizing Catalan language courses for members, practice sessions, and other activities that contribute to keeping the Catalan language alive.<\/p>\t\t\t\t\t\t<\/div>\n\t\t\t\t<\/div>\n\t\t\t\t<\/div>\n\t\t<div class=\"elementor-element elementor-element-2e0eb56 e-con-full e-flex e-con e-child\" data-id=\"2e0eb56\" data-element_type=\"container\">\n\t\t\t\t<div class=\"elementor-element elementor-element-f89364a elementor-widget elementor-widget-image\" data-id=\"f89364a\" data-element_type=\"widget\" data-widget_type=\"image.default\">\n\t\t\t\t<div class=\"elementor-widget-container\">\n\t\t\t\t\t\t\t\t\t\t\t\t\t<img decoding=\"async\" width=\"76\" height=\"97\" src=\"https:\/\/catalans.ie\/wp-content\/uploads\/icon2.png\" class=\"attachment-large size-large wp-image-567\" alt=\"\" \/>\t\t\t\t\t\t\t\t\t\t\t\t\t<\/div>\n\t\t\t\t<\/div>\n\t\t\t\t<div class=\"elementor-element elementor-element-8dad3cb elementor-widget elementor-widget-heading\" data-id=\"8dad3cb\" data-element_type=\"widget\" data-widget_type=\"heading.default\">\n\t\t\t\t<div class=\"elementor-widget-container\">\n\t\t\t<h3 class=\"elementor-heading-title elementor-size-default\">Cultural Outreach:<\/h3>\t\t<\/div>\n\t\t\t\t<\/div>\n\t\t\t\t<div class=\"elementor-element elementor-element-087602f elementor-widget elementor-widget-text-editor\" data-id=\"087602f\" data-element_type=\"widget\" data-widget_type=\"text-editor.default\">\n\t\t\t\t<div class=\"elementor-widget-container\">\n\t\t\t\t\t\t\t<p>The Casal Catal\u00e0 d\u2019Irlanda promotes Catalan culture through the organization of various cultural activities. This may include concerts, exhibitions, and film screenings, as well as book presentations and other events showcasing the cultural richness and diversity of Catalonia.<\/p>\t\t\t\t\t\t<\/div>\n\t\t\t\t<\/div>\n\t\t\t\t<\/div>\n\t\t\t\t\t<\/div>\n\t\t\t\t<\/div>\n\t\t<div class=\"elementor-element elementor-element-89d07e6 e-flex e-con-boxed e-con e-parent\" data-id=\"89d07e6\" data-element_type=\"container\" data-settings=\"{&quot;background_background&quot;:&quot;classic&quot;}\">\n\t\t\t\t\t<div class=\"e-con-inner\">\n\t\t<div class=\"elementor-element elementor-element-c53941a e-con-full e-flex e-con e-child\" data-id=\"c53941a\" data-element_type=\"container\">\n\t\t\t\t<div class=\"elementor-element elementor-element-54824e3 elementor-widget elementor-widget-image\" data-id=\"54824e3\" data-element_type=\"widget\" data-widget_type=\"image.default\">\n\t\t\t\t<div class=\"elementor-widget-container\">\n\t\t\t\t\t\t\t\t\t\t\t\t\t<img decoding=\"async\" width=\"109\" height=\"92\" src=\"https:\/\/catalans.ie\/wp-content\/uploads\/icon3.png\" class=\"attachment-large size-large wp-image-568\" alt=\"\" \/>\t\t\t\t\t\t\t\t\t\t\t\t\t<\/div>\n\t\t\t\t<\/div>\n\t\t\t\t<div class=\"elementor-element elementor-element-b749a24 elementor-widget elementor-widget-heading\" data-id=\"b749a24\" data-element_type=\"widget\" data-widget_type=\"heading.default\">\n\t\t\t\t<div class=\"elementor-widget-container\">\n\t\t\t<h3 class=\"elementor-heading-title elementor-size-default\">Cultural Exchange:<\/h3>\t\t<\/div>\n\t\t\t\t<\/div>\n\t\t\t\t<div class=\"elementor-element elementor-element-3af3dd7 elementor-widget elementor-widget-text-editor\" data-id=\"3af3dd7\" data-element_type=\"widget\" data-widget_type=\"text-editor.default\">\n\t\t\t\t<div class=\"elementor-widget-container\">\n\t\t\t\t\t\t\t<p>Establishing cultural ties with other local communities and organizations, as well as with other Catalan associations or cultural institutions internationally, can be an important objective. Cultural exchange helps enrich the cultural life of the community and fosters understanding between different cultures.<\/p>\t\t\t\t\t\t<\/div>\n\t\t\t\t<\/div>\n\t\t\t\t<\/div>\n\t\t<div class=\"elementor-element elementor-element-60692c2 e-con-full e-flex e-con e-child\" data-id=\"60692c2\" data-element_type=\"container\">\n\t\t\t\t<div class=\"elementor-element elementor-element-16c2f09 elementor-widget elementor-widget-image\" data-id=\"16c2f09\" data-element_type=\"widget\" data-widget_type=\"image.default\">\n\t\t\t\t<div class=\"elementor-widget-container\">\n\t\t\t\t\t\t\t\t\t\t\t\t\t<img loading=\"lazy\" decoding=\"async\" width=\"116\" height=\"95\" src=\"https:\/\/catalans.ie\/wp-content\/uploads\/picon4.png\" class=\"attachment-large size-large wp-image-569\" alt=\"\" \/>\t\t\t\t\t\t\t\t\t\t\t\t\t<\/div>\n\t\t\t\t<\/div>\n\t\t\t\t<div class=\"elementor-element elementor-element-4ec4e47 elementor-widget elementor-widget-heading\" data-id=\"4ec4e47\" data-element_type=\"widget\" data-widget_type=\"heading.default\">\n\t\t\t\t<div class=\"elementor-widget-container\">\n\t\t\t<h3 class=\"elementor-heading-title elementor-size-default\">Support for the Catalan Community:<\/h3>\t\t<\/div>\n\t\t\t\t<\/div>\n\t\t\t\t<div class=\"elementor-element elementor-element-fe79354 elementor-widget elementor-widget-text-editor\" data-id=\"fe79354\" data-element_type=\"widget\" data-widget_type=\"text-editor.default\">\n\t\t\t\t<div class=\"elementor-widget-container\">\n\t\t\t\t\t\t\t<p>Providing support and fostering cohesion within the Catalan community in Ireland is an essential task of the association. This may include assisting newcomers with practical matters, creating social networks, and collaborating on events and celebrations taking place both in Catalonia and in Ireland.<\/p>\t\t\t\t\t\t<\/div>\n\t\t\t\t<\/div>\n\t\t\t\t<\/div>\n\t\t\t\t\t<\/div>\n\t\t\t\t<\/div>\n\t\t<div class=\"elementor-element elementor-element-54d52eb e-flex e-con-boxed e-con e-parent\" data-id=\"54d52eb\" data-element_type=\"container\" data-settings=\"{&quot;background_background&quot;:&quot;classic&quot;}\">\n\t\t\t\t\t<div class=\"e-con-inner\">\n\t\t<div class=\"elementor-element elementor-element-0213dd4 e-con-full e-flex e-con e-child\" data-id=\"0213dd4\" data-element_type=\"container\">\n\t\t\t\t<div class=\"elementor-element elementor-element-16a4b88 elementor-widget elementor-widget-image\" data-id=\"16a4b88\" data-element_type=\"widget\" data-widget_type=\"image.default\">\n\t\t\t\t<div class=\"elementor-widget-container\">\n\t\t\t\t\t\t\t\t\t\t\t\t\t<img loading=\"lazy\" decoding=\"async\" width=\"91\" height=\"97\" src=\"https:\/\/catalans.ie\/wp-content\/uploads\/icon5.png\" class=\"attachment-large size-large wp-image-570\" alt=\"\" \/>\t\t\t\t\t\t\t\t\t\t\t\t\t<\/div>\n\t\t\t\t<\/div>\n\t\t\t\t<div class=\"elementor-element elementor-element-b1122b4 elementor-widget elementor-widget-heading\" data-id=\"b1122b4\" data-element_type=\"widget\" data-widget_type=\"heading.default\">\n\t\t\t\t<div class=\"elementor-widget-container\">\n\t\t\t<h3 class=\"elementor-heading-title elementor-size-default\">Citizen Participation:<\/h3>\t\t<\/div>\n\t\t\t\t<\/div>\n\t\t\t\t<div class=\"elementor-element elementor-element-f8522eb elementor-widget elementor-widget-text-editor\" data-id=\"f8522eb\" data-element_type=\"widget\" data-widget_type=\"text-editor.default\">\n\t\t\t\t<div class=\"elementor-widget-container\">\n\t\t\t\t\t\t\t<p>Encouraging active participation of members in the activities of the association and promoting their involvement in projects that promote Catalan culture in Irish society.<\/p>\t\t\t\t\t\t<\/div>\n\t\t\t\t<\/div>\n\t\t\t\t<\/div>\n\t\t<div class=\"elementor-element elementor-element-6b01d44 e-con-full e-flex e-con e-child\" data-id=\"6b01d44\" data-element_type=\"container\">\n\t\t\t\t<\/div>\n\t\t\t\t\t<\/div>\n\t\t\t\t<\/div>\n\t\t<div class=\"elementor-element elementor-element-5a72912 e-flex e-con-boxed e-con e-parent\" data-id=\"5a72912\" data-element_type=\"container\">\n\t\t\t\t\t<div class=\"e-con-inner\">\n\t\t<div class=\"elementor-element elementor-element-48ba8e8 e-con-full e-flex e-con e-child\" data-id=\"48ba8e8\" data-element_type=\"container\">\n\t\t\t\t<div class=\"elementor-element elementor-element-20dfd5e elementor-widget elementor-widget-heading\" data-id=\"20dfd5e\" data-element_type=\"widget\" data-widget_type=\"heading.default\">\n\t\t\t\t<div class=\"elementor-widget-container\">\n\t\t\t<h2 class=\"elementor-heading-title elementor-size-default\">Who are we<\/h2>\t\t<\/div>\n\t\t\t\t<\/div>\n\t\t\t\t<div class=\"elementor-element elementor-element-190ca83 elementor-widget elementor-widget-heading\" data-id=\"190ca83\" data-element_type=\"widget\" data-widget_type=\"heading.default\">\n\t\t\t\t<div class=\"elementor-widget-container\">\n\t\t\t<h4 class=\"elementor-heading-title elementor-size-default\">Board:<\/h4>\t\t<\/div>\n\t\t\t\t<\/div>\n\t\t\t\t<\/div>\n\t\t\t\t\t<\/div>\n\t\t\t\t<\/div>\n\t\t<div class=\"elementor-element elementor-element-82b6533 e-con-full e-flex e-con e-parent\" data-id=\"82b6533\" data-element_type=\"container\">\n\t\t<div class=\"elementor-element elementor-element-cbb19ee e-con-full e-flex e-con e-child\" data-id=\"cbb19ee\" data-element_type=\"container\">\n\t\t\t\t<div class=\"elementor-element elementor-element-ee31d2e elementor-widget elementor-widget-image\" data-id=\"ee31d2e\" data-element_type=\"widget\" data-widget_type=\"image.default\">\n\t\t\t\t<div class=\"elementor-widget-container\">\n\t\t\t\t\t\t\t\t\t\t\t\t\t<img loading=\"lazy\" decoding=\"async\" width=\"720\" height=\"780\" src=\"https:\/\/catalans.ie\/wp-content\/uploads\/WhatsApp-Image-2024-01-25-at-16.54.24.jpeg\" class=\"attachment-full size-full wp-image-584\" alt=\"\" srcset=\"https:\/\/catalans.ie\/wp-content\/uploads\/WhatsApp-Image-2024-01-25-at-16.54.24.jpeg 720w, https:\/\/catalans.ie\/wp-content\/uploads\/WhatsApp-Image-2024-01-25-at-16.54.24-277x300.jpeg 277w\" sizes=\"(max-width: 720px) 100vw, 720px\" \/>\t\t\t\t\t\t\t\t\t\t\t\t\t<\/div>\n\t\t\t\t<\/div>\n\t\t\t\t<div class=\"elementor-element elementor-element-38f9437 elementor-widget elementor-widget-heading\" data-id=\"38f9437\" data-element_type=\"widget\" data-widget_type=\"heading.default\">\n\t\t\t\t<div class=\"elementor-widget-container\">\n\t\t\t<h4 class=\"elementor-heading-title elementor-size-default\">Gen\u00eds Guardia - President of the Casal Catal\u00e0 d\u2019Irlanda<\/h4>\t\t<\/div>\n\t\t\t\t<\/div>\n\t\t\t\t<div class=\"elementor-element elementor-element-2896b1d elementor-widget elementor-widget-text-editor\" data-id=\"2896b1d\" data-element_type=\"widget\" data-widget_type=\"text-editor.default\">\n\t\t\t\t<div class=\"elementor-widget-container\">\n\t\t\t\t\t\t\t<p>Originally from Lleida, Gen\u00eds arrived in Ireland in early 2017. Since the board's renewal in 2022, he has taken on the role of president of the association, successfully leading a new project that has boosted our activities.<\/p><p>Additionally, he has been a monitor and director at the Esplai Sant Ignasi de Lleida for 10 years.<\/p>\t\t\t\t\t\t<\/div>\n\t\t\t\t<\/div>\n\t\t\t\t<\/div>\n\t\t<div class=\"elementor-element elementor-element-122afab e-con-full e-flex e-con e-child\" data-id=\"122afab\" data-element_type=\"container\">\n\t\t\t\t<\/div>\n\t\t<div class=\"elementor-element elementor-element-c3e1276 e-con-full e-flex e-con e-child\" data-id=\"c3e1276\" data-element_type=\"container\">\n\t\t\t\t<div class=\"elementor-element elementor-element-1b1441b elementor-widget elementor-widget-image\" data-id=\"1b1441b\" data-element_type=\"widget\" data-widget_type=\"image.default\">\n\t\t\t\t<div class=\"elementor-widget-container\">\n\t\t\t\t\t\t\t\t\t\t\t\t\t<img loading=\"lazy\" decoding=\"async\" width=\"1106\" height=\"1157\" src=\"https:\/\/catalans.ie\/wp-content\/uploads\/WhatsApp-Image-2024-01-26-at-11.20.13-e1706276686116.jpeg\" class=\"attachment-full size-full wp-image-620\" alt=\"\" srcset=\"https:\/\/catalans.ie\/wp-content\/uploads\/WhatsApp-Image-2024-01-26-at-11.20.13-e1706276686116.jpeg 1106w, https:\/\/catalans.ie\/wp-content\/uploads\/WhatsApp-Image-2024-01-26-at-11.20.13-e1706276686116-287x300.jpeg 287w, https:\/\/catalans.ie\/wp-content\/uploads\/WhatsApp-Image-2024-01-26-at-11.20.13-e1706276686116-979x1024.jpeg 979w, https:\/\/catalans.ie\/wp-content\/uploads\/WhatsApp-Image-2024-01-26-at-11.20.13-e1706276686116-768x803.jpeg 768w\" sizes=\"(max-width: 1106px) 100vw, 1106px\" \/>\t\t\t\t\t\t\t\t\t\t\t\t\t<\/div>\n\t\t\t\t<\/div>\n\t\t\t\t<div class=\"elementor-element elementor-element-91daca4 elementor-widget elementor-widget-heading\" data-id=\"91daca4\" data-element_type=\"widget\" data-widget_type=\"heading.default\">\n\t\t\t\t<div class=\"elementor-widget-container\">\n\t\t\t<h4 class=\"elementor-heading-title elementor-size-default\">Carles Pujol<\/h4>\t\t<\/div>\n\t\t\t\t<\/div>\n\t\t\t\t<div class=\"elementor-element elementor-element-616dc17 elementor-widget elementor-widget-text-editor\" data-id=\"616dc17\" data-element_type=\"widget\" data-widget_type=\"text-editor.default\">\n\t\t\t\t<div class=\"elementor-widget-container\">\n\t\t\t\t\t\t\t<p>He is the most veteran member, and a key figure in bridging the gap between the old board and the new members.<\/p><p>Carles has been in Ireland for over 20 years, where he has settled and started a family, while still maintaining his Catalan roots from Maresme. He has been an active member of the Catalan political and cultural movement in Ireland.<\/p>\t\t\t\t\t\t<\/div>\n\t\t\t\t<\/div>\n\t\t\t\t<\/div>\n\t\t<div class=\"elementor-element elementor-element-8ba42b9 e-con-full e-flex e-con e-child\" data-id=\"8ba42b9\" data-element_type=\"container\">\n\t\t\t\t<\/div>\n\t\t<div class=\"elementor-element elementor-element-a83e10f e-con-full e-flex e-con e-child\" data-id=\"a83e10f\" data-element_type=\"container\">\n\t\t\t\t<div class=\"elementor-element elementor-element-d8829db elementor-widget elementor-widget-image\" data-id=\"d8829db\" data-element_type=\"widget\" data-widget_type=\"image.default\">\n\t\t\t\t<div class=\"elementor-widget-container\">\n\t\t\t\t\t\t\t\t\t\t\t\t\t<img loading=\"lazy\" decoding=\"async\" width=\"670\" height=\"644\" src=\"https:\/\/catalans.ie\/wp-content\/uploads\/WhatsApp-Image-2024-01-25-at-16.49.12-e1706276704359.jpeg\" class=\"attachment-full size-full wp-image-582\" alt=\"\" srcset=\"https:\/\/catalans.ie\/wp-content\/uploads\/WhatsApp-Image-2024-01-25-at-16.49.12-e1706276704359.jpeg 670w, https:\/\/catalans.ie\/wp-content\/uploads\/WhatsApp-Image-2024-01-25-at-16.49.12-e1706276704359-300x288.jpeg 300w\" sizes=\"(max-width: 670px) 100vw, 670px\" \/>\t\t\t\t\t\t\t\t\t\t\t\t\t<\/div>\n\t\t\t\t<\/div>\n\t\t\t\t<div class=\"elementor-element elementor-element-e332a4c elementor-widget elementor-widget-heading\" data-id=\"e332a4c\" data-element_type=\"widget\" data-widget_type=\"heading.default\">\n\t\t\t\t<div class=\"elementor-widget-container\">\n\t\t\t<h4 class=\"elementor-heading-title elementor-size-default\">Laia de Castro<\/h4>\t\t<\/div>\n\t\t\t\t<\/div>\n\t\t\t\t<div class=\"elementor-element elementor-element-6fead9b elementor-widget elementor-widget-text-editor\" data-id=\"6fead9b\" data-element_type=\"widget\" data-widget_type=\"text-editor.default\">\n\t\t\t\t<div class=\"elementor-widget-container\">\n\t\t\t\t\t\t\t<p>She left Girona in 2021 to work as a nurse in Dublin, after working in the healthcare sector in Catalonia and volunteering in a Refugee camp in Algeria.<\/p><p>Laia has been an active member of the political and cultural movement in her hometown of Fornells de la Selva before coming to Ireland.<\/p>\t\t\t\t\t\t<\/div>\n\t\t\t\t<\/div>\n\t\t\t\t<\/div>\n\t\t<div class=\"elementor-element elementor-element-5d6d06a e-con-full e-flex e-con e-child\" data-id=\"5d6d06a\" data-element_type=\"container\">\n\t\t\t\t<\/div>\n\t\t<div class=\"elementor-element elementor-element-4bca158 e-con-full e-flex e-con e-child\" data-id=\"4bca158\" data-element_type=\"container\">\n\t\t\t\t<div class=\"elementor-element elementor-element-806f8b3 elementor-widget elementor-widget-image\" data-id=\"806f8b3\" data-element_type=\"widget\" data-widget_type=\"image.default\">\n\t\t\t\t<div class=\"elementor-widget-container\">\n\t\t\t\t\t\t\t\t\t\t\t\t\t<img loading=\"lazy\" decoding=\"async\" width=\"745\" height=\"754\" src=\"https:\/\/catalans.ie\/wp-content\/uploads\/WhatsApp-Image-2024-01-25-at-16.49.45.jpeg\" class=\"attachment-full size-full wp-image-583\" alt=\"\" srcset=\"https:\/\/catalans.ie\/wp-content\/uploads\/WhatsApp-Image-2024-01-25-at-16.49.45.jpeg 745w, https:\/\/catalans.ie\/wp-content\/uploads\/WhatsApp-Image-2024-01-25-at-16.49.45-296x300.jpeg 296w\" sizes=\"(max-width: 745px) 100vw, 745px\" \/>\t\t\t\t\t\t\t\t\t\t\t\t\t<\/div>\n\t\t\t\t<\/div>\n\t\t\t\t<div class=\"elementor-element elementor-element-7379417 elementor-widget elementor-widget-heading\" data-id=\"7379417\" data-element_type=\"widget\" data-widget_type=\"heading.default\">\n\t\t\t\t<div class=\"elementor-widget-container\">\n\t\t\t<h4 class=\"elementor-heading-title elementor-size-default\">Joan Josep Fontanet<\/h4>\t\t<\/div>\n\t\t\t\t<\/div>\n\t\t\t\t<div class=\"elementor-element elementor-element-2c9b55b elementor-widget elementor-widget-text-editor\" data-id=\"2c9b55b\" data-element_type=\"widget\" data-widget_type=\"text-editor.default\">\n\t\t\t\t<div class=\"elementor-widget-container\">\n\t\t\t\t\t\t\t<p class=\"translation-block\">Arriving in Ireland in early 2022, Joan has split his time between his native Lleida and Barcelona.\nHe has worked for over 20 years in the public and private security sector, and currently works on projects related to migrants and refugees arriving in Ireland.<\/p>\t\t\t\t\t\t<\/div>\n\t\t\t\t<\/div>\n\t\t\t\t<\/div>\n\t\t<div class=\"elementor-element elementor-element-6fa56c8 e-con-full e-flex e-con e-child\" data-id=\"6fa56c8\" data-element_type=\"container\">\n\t\t\t\t<\/div>\n\t\t<div class=\"elementor-element elementor-element-0e16493 e-con-full e-flex e-con e-child\" data-id=\"0e16493\" data-element_type=\"container\">\n\t\t<div class=\"elementor-element elementor-element-ea9dbc5 e-con-full e-flex e-con e-child\" data-id=\"ea9dbc5\" data-element_type=\"container\">\n\t\t\t\t<div class=\"elementor-element elementor-element-3462a22 elementor-widget elementor-widget-image\" data-id=\"3462a22\" data-element_type=\"widget\" data-widget_type=\"image.default\">\n\t\t\t\t<div class=\"elementor-widget-container\">\n\t\t\t\t\t\t\t\t\t\t\t\t\t<img loading=\"lazy\" decoding=\"async\" width=\"574\" height=\"752\" src=\"https:\/\/catalans.ie\/wp-content\/uploads\/WhatsApp-Image-2024-01-25-at-17.43.10-e1706205881691.jpeg\" class=\"attachment-full size-full wp-image-603\" alt=\"\" srcset=\"https:\/\/catalans.ie\/wp-content\/uploads\/WhatsApp-Image-2024-01-25-at-17.43.10-e1706205881691.jpeg 574w, https:\/\/catalans.ie\/wp-content\/uploads\/WhatsApp-Image-2024-01-25-at-17.43.10-e1706205881691-229x300.jpeg 229w\" sizes=\"(max-width: 574px) 100vw, 574px\" \/>\t\t\t\t\t\t\t\t\t\t\t\t\t<\/div>\n\t\t\t\t<\/div>\n\t\t\t\t<div class=\"elementor-element elementor-element-1c32fd8 elementor-widget elementor-widget-heading\" data-id=\"1c32fd8\" data-element_type=\"widget\" data-widget_type=\"heading.default\">\n\t\t\t\t<div class=\"elementor-widget-container\">\n\t\t\t<h4 class=\"elementor-heading-title elementor-size-default\">Georgina Romaguera\n<\/h4>\t\t<\/div>\n\t\t\t\t<\/div>\n\t\t\t\t<div class=\"elementor-element elementor-element-3ef1f62 elementor-widget elementor-widget-text-editor\" data-id=\"3ef1f62\" data-element_type=\"widget\" data-widget_type=\"text-editor.default\">\n\t\t\t\t<div class=\"elementor-widget-container\">\n\t\t\t\t\t\t\t<p>Originally from Sabadell, Georgina arrived in Ireland in the summer of 2014 after living in other countries. Since then, Dublin has become her home.<\/p>\t\t\t\t\t\t<\/div>\n\t\t\t\t<\/div>\n\t\t\t\t<\/div>\n\t\t\t\t<\/div>\n\t\t\t\t<\/div>\n\t\t\t\t<\/div>","protected":false},"excerpt":{"rendered":"<p>Presentaci\u00f3 del Casal Catal\u00e0 d&#8217;Irlanda El Casal Catal\u00e0 d&#8217;Irlanda \u00e9s una entitat cultural i social sense \u00e0nim de lucre que t\u00e9 com a objectiu principal promoure la cultura catalana a [&hellip;]<\/p>","protected":false},"author":1,"featured_media":0,"parent":0,"menu_order":0,"comment_status":"closed","ping_status":"closed","template":"","meta":{"_price":"","_stock":"","_tribe_ticket_header":"","_tribe_default_ticket_provider":"","_tribe_ticket_capacity":"0","_ticket_start_date":"","_ticket_end_date":"","_tribe_ticket_show_description":"","_tribe_ticket_show_not_going":false,"_tribe_ticket_use_global_stock":"","_tribe_ticket_global_stock_level":"","_global_stock_mode":"","_global_stock_cap":"","_tribe_rsvp_for_event":"","_tribe_ticket_going_count":"","_tribe_ticket_not_going_count":"","_tribe_tickets_list":"[]","_tribe_ticket_has_attendee_info_fields":false,"footnotes":"","_tec_slr_enabled":"","_tec_slr_layout":""},"class_list":["post-20","page","type-page","status-publish","hentry"],"ticketed":false,"_links":{"self":[{"href":"https:\/\/catalans.ie\/en\/wp-json\/wp\/v2\/pages\/20","targetHints":{"allow":["GET"]}}],"collection":[{"href":"https:\/\/catalans.ie\/en\/wp-json\/wp\/v2\/pages"}],"about":[{"href":"https:\/\/catalans.ie\/en\/wp-json\/wp\/v2\/types\/page"}],"author":[{"embeddable":true,"href":"https:\/\/catalans.ie\/en\/wp-json\/wp\/v2\/users\/1"}],"replies":[{"embeddable":true,"href":"https:\/\/catalans.ie\/en\/wp-json\/wp\/v2\/comments?post=20"}],"version-history":[{"count":0,"href":"https:\/\/catalans.ie\/en\/wp-json\/wp\/v2\/pages\/20\/revisions"}],"wp:attachment":[{"href":"https:\/\/catalans.ie\/en\/wp-json\/wp\/v2\/media?parent=20"}],"curies":[{"name":"wp","href":"https:\/\/api.w.org\/{rel}","templated":true}]}}