{"id":24,"date":"2023-11-15T09:09:44","date_gmt":"2023-11-15T09:09:44","guid":{"rendered":"https:\/\/catalans.ie\/?page_id=24"},"modified":"2024-06-27T16:27:55","modified_gmt":"2024-06-27T15:27:55","slug":"noticies","status":"publish","type":"page","link":"https:\/\/catalans.ie\/en\/news\/","title":{"rendered":"News"},"content":{"rendered":"<div data-elementor-type=\"wp-page\" data-elementor-id=\"24\" class=\"elementor elementor-24\" data-elementor-post-type=\"page\">\n\t\t\t\t<div class=\"elementor-element elementor-element-547e8da e-con-full e-flex e-con e-parent\" data-id=\"547e8da\" data-element_type=\"container\" data-settings=\"{&quot;background_background&quot;:&quot;classic&quot;}\">\n\t\t<div class=\"elementor-element elementor-element-e8ae93a e-con-full e-flex e-con e-child\" data-id=\"e8ae93a\" data-element_type=\"container\">\n\t\t\t\t<div class=\"elementor-element elementor-element-44423a3 elementor-widget elementor-widget-heading\" data-id=\"44423a3\" data-element_type=\"widget\" data-widget_type=\"heading.default\">\n\t\t\t\t<div class=\"elementor-widget-container\">\n\t\t\t<style>\/*! elementor - v3.22.0 - 26-06-2024 *\/\n.elementor-heading-title{padding:0;margin:0;line-height:1}.elementor-widget-heading .elementor-heading-title[class*=elementor-size-]>a{color:inherit;font-size:inherit;line-height:inherit}.elementor-widget-heading .elementor-heading-title.elementor-size-small{font-size:15px}.elementor-widget-heading .elementor-heading-title.elementor-size-medium{font-size:19px}.elementor-widget-heading .elementor-heading-title.elementor-size-large{font-size:29px}.elementor-widget-heading .elementor-heading-title.elementor-size-xl{font-size:39px}.elementor-widget-heading .elementor-heading-title.elementor-size-xxl{font-size:59px}<\/style><h2 class=\"elementor-heading-title elementor-size-default\">The News of the Casal<\/h2>\t\t<\/div>\n\t\t\t\t<\/div>\n\t\t\t\t<\/div>\n\t\t\t\t<\/div>\n\t\t<div class=\"elementor-element elementor-element-44619ca e-flex e-con-boxed e-con e-parent\" data-id=\"44619ca\" data-element_type=\"container\">\n\t\t\t\t\t<div class=\"e-con-inner\">\n\t\t<div class=\"elementor-element elementor-element-9879ed6 e-con-full e-flex e-con e-child\" data-id=\"9879ed6\" data-element_type=\"container\">\n\t\t\t\t<div class=\"elementor-element elementor-element-7aaf879 elementor-grid-3 elementor-grid-tablet-2 elementor-grid-mobile-1 elementor-posts--thumbnail-top elementor-widget elementor-widget-posts\" data-id=\"7aaf879\" data-element_type=\"widget\" data-settings=\"{&quot;pagination_type&quot;:&quot;load_more_infinite_scroll&quot;,&quot;classic_columns&quot;:&quot;3&quot;,&quot;classic_columns_tablet&quot;:&quot;2&quot;,&quot;classic_columns_mobile&quot;:&quot;1&quot;,&quot;classic_row_gap&quot;:{&quot;unit&quot;:&quot;px&quot;,&quot;size&quot;:35,&quot;sizes&quot;:[]},&quot;classic_row_gap_tablet&quot;:{&quot;unit&quot;:&quot;px&quot;,&quot;size&quot;:&quot;&quot;,&quot;sizes&quot;:[]},&quot;classic_row_gap_mobile&quot;:{&quot;unit&quot;:&quot;px&quot;,&quot;size&quot;:&quot;&quot;,&quot;sizes&quot;:[]},&quot;load_more_spinner&quot;:{&quot;value&quot;:&quot;fas fa-spinner&quot;,&quot;library&quot;:&quot;fa-solid&quot;}}\" data-widget_type=\"posts.classic\">\n\t\t\t\t<div class=\"elementor-widget-container\">\n\t\t\t<link rel=\"stylesheet\" href=\"https:\/\/catalans.ie\/wp-content\/plugins\/modules\/assets\/css\/widget-posts.min.css\">\t\t<div class=\"elementor-posts-container elementor-posts elementor-posts--skin-classic elementor-grid\">\n\t\t\t\t<article class=\"elementor-post elementor-grid-item post-810 post type-post status-publish format-standard has-post-thumbnail hentry category-blog\">\n\t\t\t\t<a class=\"elementor-post__thumbnail__link\" href=\"https:\/\/catalans.ie\/en\/test\/\" tabindex=\"-1\" target=\"&quot;_blank&quot;\">\n\t\t\t<div class=\"elementor-post__thumbnail\"><img fetchpriority=\"high\" decoding=\"async\" width=\"300\" height=\"300\" src=\"https:\/\/catalans.ie\/wp-content\/uploads\/Sant-Joan-2024-v2-300x300.jpg\" class=\"attachment-medium size-medium wp-image-788\" alt=\"\" srcset=\"https:\/\/catalans.ie\/wp-content\/uploads\/Sant-Joan-2024-v2-300x300.jpg 300w, https:\/\/catalans.ie\/wp-content\/uploads\/Sant-Joan-2024-v2-1024x1024.jpg 1024w, https:\/\/catalans.ie\/wp-content\/uploads\/Sant-Joan-2024-v2-150x150.jpg 150w, https:\/\/catalans.ie\/wp-content\/uploads\/Sant-Joan-2024-v2-768x768.jpg 768w, https:\/\/catalans.ie\/wp-content\/uploads\/Sant-Joan-2024-v2-12x12.jpg 12w, https:\/\/catalans.ie\/wp-content\/uploads\/Sant-Joan-2024-v2.jpg 1080w\" sizes=\"(max-width: 300px) 100vw, 300px\" \/><\/div>\n\t\t<\/a>\n\t\t\t\t<div class=\"elementor-post__text\">\n\t\t\t\t<h3 class=\"elementor-post__title\">\n\t\t\t<a href=\"https:\/\/catalans.ie\/en\/test\/\" target=\"&quot;_blank&quot;\">\n\t\t\t\tSant Joan 2024\t\t\t<\/a>\n\t\t<\/h3>\n\t\t\t\t<div class=\"elementor-post__meta-data\">\n\t\t\t\t\t<span class=\"elementor-post-date\">\n\t\t\t10 de June de 2024\t\t<\/span>\n\t\t\t\t<\/div>\n\t\t\t\t<div class=\"elementor-post__excerpt\">\n\t\t\t<p>Sant Joan 2024 \u00a0 La Nit de Sant Joan es va celebrar anticipadament aquest dissabte a Irlanda amb una sessi\u00f3 maratoniana de m\u00e9s de sis hores organitzada pel Casal Catal\u00e0<\/p>\n\t\t<\/div>\n\t\t\n\t\t<a class=\"elementor-post__read-more\" href=\"https:\/\/catalans.ie\/en\/test\/\" aria-label=\"Read more about Sant Joan 2024\" tabindex=\"-1\" target=\"_blank\">\n\t\t\t Read more \u00bb\t\t<\/a>\n\n\t\t\t\t<\/div>\n\t\t\t\t<\/article>\n\t\t\t\t<article class=\"elementor-post elementor-grid-item post-991 post type-post status-publish format-standard hentry category-blog\">\n\t\t\t\t<div class=\"elementor-post__text\">\n\t\t\t\t<h3 class=\"elementor-post__title\">\n\t\t\t<a href=\"https:\/\/catalans.ie\/en\/concert-de-jo-jet-i-la-maria-ribot\/\" target=\"&quot;_blank&quot;\">\n\t\t\t\tConcert de Jo, Jet i la Maria Ribot\t\t\t<\/a>\n\t\t<\/h3>\n\t\t\t\t<div class=\"elementor-post__meta-data\">\n\t\t\t\t\t<span class=\"elementor-post-date\">\n\t\t\t25 de May de 2024\t\t<\/span>\n\t\t\t\t<\/div>\n\t\t\t\t<div class=\"elementor-post__excerpt\">\n\t\t\t<p>El pub The Bernard Shaw de Glasnevin ha acollit un concert del Casal Catal\u00e0 d&#8217;Irlanda amb Jo, Jet i Maria Ribot com a protagonistes, en el seu debut a Dubl\u00edn<\/p>\n\t\t<\/div>\n\t\t\n\t\t<a class=\"elementor-post__read-more\" href=\"https:\/\/catalans.ie\/en\/concert-de-jo-jet-i-la-maria-ribot\/\" aria-label=\"Read more about Concert de Jo, Jet i la Maria Ribot\" tabindex=\"-1\" target=\"_blank\">\n\t\t\t Read more \u00bb\t\t<\/a>\n\n\t\t\t\t<\/div>\n\t\t\t\t<\/article>\n\t\t\t\t<article class=\"elementor-post elementor-grid-item post-906 post type-post status-publish format-standard hentry category-blog\">\n\t\t\t\t<div class=\"elementor-post__text\">\n\t\t\t\t<h3 class=\"elementor-post__title\">\n\t\t\t<a href=\"https:\/\/catalans.ie\/en\/sant-jordi-2024\/\" target=\"&quot;_blank&quot;\">\n\t\t\t\tSant Jordi 2024\t\t\t<\/a>\n\t\t<\/h3>\n\t\t\t\t<div class=\"elementor-post__meta-data\">\n\t\t\t\t\t<span class=\"elementor-post-date\">\n\t\t\t20 de April de 2024\t\t<\/span>\n\t\t\t\t<\/div>\n\t\t\t\t<div class=\"elementor-post__excerpt\">\n\t\t\t<p>La celebraci\u00f3 de Sant Jordi va arribar abans d&#8217;hora a Dubl\u00edn amb una festa po\u00e8tico-musical organitzada pel Casal Catal\u00e0 d\u2019Irlanda al pub The Bernard Shaw de Glasnevin, conegut pels concerts<\/p>\n\t\t<\/div>\n\t\t\n\t\t<a class=\"elementor-post__read-more\" href=\"https:\/\/catalans.ie\/en\/sant-jordi-2024\/\" aria-label=\"Read more about Sant Jordi 2024\" tabindex=\"-1\" target=\"_blank\">\n\t\t\t Read more \u00bb\t\t<\/a>\n\n\t\t\t\t<\/div>\n\t\t\t\t<\/article>\n\t\t\t\t<article class=\"elementor-post elementor-grid-item post-881 post type-post status-publish format-standard hentry category-blog\">\n\t\t\t\t<div class=\"elementor-post__text\">\n\t\t\t\t<h3 class=\"elementor-post__title\">\n\t\t\t<a href=\"https:\/\/catalans.ie\/en\/calcotada-2024\/\" target=\"&quot;_blank&quot;\">\n\t\t\t\tCal\u00e7otada 2024\t\t\t<\/a>\n\t\t<\/h3>\n\t\t\t\t<div class=\"elementor-post__meta-data\">\n\t\t\t\t\t<span class=\"elementor-post-date\">\n\t\t\t10 de March de 2024\t\t<\/span>\n\t\t\t\t<\/div>\n\t\t\t\t<div class=\"elementor-post__excerpt\">\n\t\t\t<p>La darrera cal\u00e7otada col\u00b7lectiva a Dublin va tenir lloc el 29 de febrer de 2020, poc abans de les restriccions pand\u00e8miques que van impedir les trobades grupals. Durant quatre anys,<\/p>\n\t\t<\/div>\n\t\t\n\t\t<a class=\"elementor-post__read-more\" href=\"https:\/\/catalans.ie\/en\/calcotada-2024\/\" aria-label=\"Read more about Cal\u00e7otada 2024\" tabindex=\"-1\" target=\"_blank\">\n\t\t\t Read more \u00bb\t\t<\/a>\n\n\t\t\t\t<\/div>\n\t\t\t\t<\/article>\n\t\t\t\t<article class=\"elementor-post elementor-grid-item post-981 post type-post status-publish format-standard hentry category-blog\">\n\t\t\t\t<div class=\"elementor-post__text\">\n\t\t\t\t<h3 class=\"elementor-post__title\">\n\t\t\t<a href=\"https:\/\/catalans.ie\/en\/concert-de-the-tyets-a-dublin\/\" target=\"&quot;_blank&quot;\">\n\t\t\t\tConcert de The Tyets a Dublin\t\t\t<\/a>\n\t\t<\/h3>\n\t\t\t\t<div class=\"elementor-post__meta-data\">\n\t\t\t\t\t<span class=\"elementor-post-date\">\n\t\t\t7 de December de 2023\t\t<\/span>\n\t\t\t\t<\/div>\n\t\t\t\t<div class=\"elementor-post__excerpt\">\n\t\t\t<p>The Tyets, el popular grup catal\u00e0, van actuar dijous a Dubl\u00edn en el tercer concert de la seva gira internacional, que ja els havia portat a Madrid i Brussel\u00b7les, i<\/p>\n\t\t<\/div>\n\t\t\n\t\t<a class=\"elementor-post__read-more\" href=\"https:\/\/catalans.ie\/en\/concert-de-the-tyets-a-dublin\/\" aria-label=\"Read more about Concert de The Tyets a Dublin\" tabindex=\"-1\" target=\"_blank\">\n\t\t\t Read more \u00bb\t\t<\/a>\n\n\t\t\t\t<\/div>\n\t\t\t\t<\/article>\n\t\t\t\t<article class=\"elementor-post elementor-grid-item post-153 post type-post status-publish format-standard has-post-thumbnail hentry category-blog\">\n\t\t\t\t<a class=\"elementor-post__thumbnail__link\" href=\"https:\/\/catalans.ie\/en\/castanyada-2023-amb-el-casal\/\" tabindex=\"-1\" target=\"&quot;_blank&quot;\">\n\t\t\t<div class=\"elementor-post__thumbnail\"><img decoding=\"async\" width=\"300\" height=\"300\" src=\"https:\/\/catalans.ie\/wp-content\/uploads\/castanyada2-300x300.jpg\" class=\"attachment-medium size-medium wp-image-154\" alt=\"\" srcset=\"https:\/\/catalans.ie\/wp-content\/uploads\/castanyada2-300x300.jpg 300w, https:\/\/catalans.ie\/wp-content\/uploads\/castanyada2-150x150.jpg 150w, https:\/\/catalans.ie\/wp-content\/uploads\/castanyada2.jpg 768w\" sizes=\"(max-width: 300px) 100vw, 300px\" \/><\/div>\n\t\t<\/a>\n\t\t\t\t<div class=\"elementor-post__text\">\n\t\t\t\t<h3 class=\"elementor-post__title\">\n\t\t\t<a href=\"https:\/\/catalans.ie\/en\/castanyada-2023-amb-el-casal\/\" target=\"&quot;_blank&quot;\">\n\t\t\t\tCastanyada 2023 amb el Casal\t\t\t<\/a>\n\t\t<\/h3>\n\t\t\t\t<div class=\"elementor-post__meta-data\">\n\t\t\t\t\t<span class=\"elementor-post-date\">\n\t\t\t23 de November de 2023\t\t<\/span>\n\t\t\t\t<\/div>\n\t\t\t\t<div class=\"elementor-post__excerpt\">\n\t\t\t<p>Despr\u00e9s de quatre anys d\u2019abs\u00e8ncia per la pand\u00e8mia i davant de la deseperaci\u00f3 de molts catalans de Dublin que en feien cerques a Google com si s\u2019hagu\u00e9s d\u2019acabar el m\u00f3n,<\/p>\n\t\t<\/div>\n\t\t\n\t\t<a class=\"elementor-post__read-more\" href=\"https:\/\/catalans.ie\/en\/castanyada-2023-amb-el-casal\/\" aria-label=\"Read more about Castanyada 2023 amb el Casal\" tabindex=\"-1\" target=\"_blank\">\n\t\t\t Read more \u00bb\t\t<\/a>\n\n\t\t\t\t<\/div>\n\t\t\t\t<\/article>\n\t\t\t\t<article class=\"elementor-post elementor-grid-item post-169 post type-post status-publish format-standard has-post-thumbnail hentry category-blog\">\n\t\t\t\t<a class=\"elementor-post__thumbnail__link\" href=\"https:\/\/catalans.ie\/en\/gran-nit-musical-a-dublin-amb-els-ebri-knight\/\" tabindex=\"-1\" target=\"&quot;_blank&quot;\">\n\t\t\t<div class=\"elementor-post__thumbnail\"><img decoding=\"async\" width=\"300\" height=\"226\" src=\"https:\/\/catalans.ie\/wp-content\/uploads\/ebriknight-300x226.jpg\" class=\"attachment-medium size-medium wp-image-170\" alt=\"\" srcset=\"https:\/\/catalans.ie\/wp-content\/uploads\/ebriknight-300x226.jpg 300w, https:\/\/catalans.ie\/wp-content\/uploads\/ebriknight-1024x772.jpg 1024w, https:\/\/catalans.ie\/wp-content\/uploads\/ebriknight-768x579.jpg 768w, https:\/\/catalans.ie\/wp-content\/uploads\/ebriknight.jpg 1440w\" sizes=\"(max-width: 300px) 100vw, 300px\" \/><\/div>\n\t\t<\/a>\n\t\t\t\t<div class=\"elementor-post__text\">\n\t\t\t\t<h3 class=\"elementor-post__title\">\n\t\t\t<a href=\"https:\/\/catalans.ie\/en\/gran-nit-musical-a-dublin-amb-els-ebri-knight\/\" target=\"&quot;_blank&quot;\">\n\t\t\t\tGran nit musical a Dubl\u00edn amb els Ebri Knight\u00a0\t\t\t<\/a>\n\t\t<\/h3>\n\t\t\t\t<div class=\"elementor-post__meta-data\">\n\t\t\t\t\t<span class=\"elementor-post-date\">\n\t\t\t27 de October de 2023\t\t<\/span>\n\t\t\t\t<\/div>\n\t\t\t\t<div class=\"elementor-post__excerpt\">\n\t\t\t<p>Els Ebri Knight, grup de m\u00fasica de folk rock catal\u00e0 format a Argentona el 2003, van actuar a la ciutat de Dubl\u00edn el passat 7 d&#8217;octubre al Bernard Shaw. Els<\/p>\n\t\t<\/div>\n\t\t\n\t\t<a class=\"elementor-post__read-more\" href=\"https:\/\/catalans.ie\/en\/gran-nit-musical-a-dublin-amb-els-ebri-knight\/\" aria-label=\"Read more about Gran nit musical a Dubl\u00edn amb els Ebri Knight\u00a0\" tabindex=\"-1\" target=\"_blank\">\n\t\t\t Read more \u00bb\t\t<\/a>\n\n\t\t\t\t<\/div>\n\t\t\t\t<\/article>\n\t\t\t\t<article class=\"elementor-post elementor-grid-item post-937 post type-post status-publish format-standard hentry category-blog\">\n\t\t\t\t<div class=\"elementor-post__text\">\n\t\t\t\t<h3 class=\"elementor-post__title\">\n\t\t\t<a href=\"https:\/\/catalans.ie\/en\/concert-dels-ebri-knight-a-dublin\/\" target=\"&quot;_blank&quot;\">\n\t\t\t\tConcert dels Ebri Knight a Dublin\t\t\t<\/a>\n\t\t<\/h3>\n\t\t\t\t<div class=\"elementor-post__meta-data\">\n\t\t\t\t\t<span class=\"elementor-post-date\">\n\t\t\t10 de October de 2023\t\t<\/span>\n\t\t\t\t<\/div>\n\t\t\t\t<div class=\"elementor-post__excerpt\">\n\t\t\t<p>Els Ebri Knight van iniciar la seva minigira irlandesa al Botanic Inn de Belfast, amb tres concerts a Belfast, Dublin i Maynooth. Aquest grup d&#8217;Argentona, amb m\u00e9s de quinze anys<\/p>\n\t\t<\/div>\n\t\t\n\t\t<a class=\"elementor-post__read-more\" href=\"https:\/\/catalans.ie\/en\/concert-dels-ebri-knight-a-dublin\/\" aria-label=\"Read more about Concert dels Ebri Knight a Dublin\" tabindex=\"-1\" target=\"_blank\">\n\t\t\t Read more \u00bb\t\t<\/a>\n\n\t\t\t\t<\/div>\n\t\t\t\t<\/article>\n\t\t\t\t<article class=\"elementor-post elementor-grid-item post-172 post type-post status-publish format-standard has-post-thumbnail hentry category-blog\">\n\t\t\t\t<a class=\"elementor-post__thumbnail__link\" href=\"https:\/\/catalans.ie\/en\/el-casal-celebrem-la-diada-nacional-de-catalunya\/\" tabindex=\"-1\" target=\"&quot;_blank&quot;\">\n\t\t\t<div class=\"elementor-post__thumbnail\"><img loading=\"lazy\" decoding=\"async\" width=\"300\" height=\"199\" src=\"https:\/\/catalans.ie\/wp-content\/uploads\/germanegre-300x199.jpg\" class=\"attachment-medium size-medium wp-image-173\" alt=\"\" srcset=\"https:\/\/catalans.ie\/wp-content\/uploads\/germanegre-300x199.jpg 300w, https:\/\/catalans.ie\/wp-content\/uploads\/germanegre-768x510.jpg 768w, https:\/\/catalans.ie\/wp-content\/uploads\/germanegre.jpg 948w\" sizes=\"(max-width: 300px) 100vw, 300px\" \/><\/div>\n\t\t<\/a>\n\t\t\t\t<div class=\"elementor-post__text\">\n\t\t\t\t<h3 class=\"elementor-post__title\">\n\t\t\t<a href=\"https:\/\/catalans.ie\/en\/el-casal-celebrem-la-diada-nacional-de-catalunya\/\" target=\"&quot;_blank&quot;\">\n\t\t\t\tEl Casal celebrem la Diada nacional de Catalunya\t\t\t<\/a>\n\t\t<\/h3>\n\t\t\t\t<div class=\"elementor-post__meta-data\">\n\t\t\t\t\t<span class=\"elementor-post-date\">\n\t\t\t17 de September de 2023\t\t<\/span>\n\t\t\t\t<\/div>\n\t\t\t\t<div class=\"elementor-post__excerpt\">\n\t\t\t<p>El dissabte 16 de setembre de 2023 el Casal Catal\u00e0 d&#8217;Irlanda hem celebrat la Diada nacional de Catalunya. Una jornada de germanor i trobada entre els membres de la comunitat<\/p>\n\t\t<\/div>\n\t\t\n\t\t<a class=\"elementor-post__read-more\" href=\"https:\/\/catalans.ie\/en\/el-casal-celebrem-la-diada-nacional-de-catalunya\/\" aria-label=\"Read more about El Casal celebrem la Diada nacional de Catalunya\" tabindex=\"-1\" target=\"_blank\">\n\t\t\t Read more \u00bb\t\t<\/a>\n\n\t\t\t\t<\/div>\n\t\t\t\t<\/article>\n\t\t\t\t<article class=\"elementor-post elementor-grid-item post-970 post type-post status-publish format-standard hentry category-blog\">\n\t\t\t\t<div class=\"elementor-post__text\">\n\t\t\t\t<h3 class=\"elementor-post__title\">\n\t\t\t<a href=\"https:\/\/catalans.ie\/en\/diada-2023\/\" target=\"&quot;_blank&quot;\">\n\t\t\t\tDiada 2023\t\t\t<\/a>\n\t\t<\/h3>\n\t\t\t\t<div class=\"elementor-post__meta-data\">\n\t\t\t\t\t<span class=\"elementor-post-date\">\n\t\t\t16 de September de 2023\t\t<\/span>\n\t\t\t\t<\/div>\n\t\t\t\t<div class=\"elementor-post__excerpt\">\n\t\t\t<p>Aquest dissabte, el Casal Catal\u00e0 d\u2019Irlanda va celebrar la Diada, tot i amb retard, de manera intensa. La jornada, que va tenir lloc al pub The Bernard Shaw, va comen\u00e7ar<\/p>\n\t\t<\/div>\n\t\t\n\t\t<a class=\"elementor-post__read-more\" href=\"https:\/\/catalans.ie\/en\/diada-2023\/\" aria-label=\"Read more about Diada 2023\" tabindex=\"-1\" target=\"_blank\">\n\t\t\t Read more \u00bb\t\t<\/a>\n\n\t\t\t\t<\/div>\n\t\t\t\t<\/article>\n\t\t\t\t<article class=\"elementor-post elementor-grid-item post-932 post type-post status-publish format-standard hentry category-blog\">\n\t\t\t\t<div class=\"elementor-post__text\">\n\t\t\t\t<h3 class=\"elementor-post__title\">\n\t\t\t<a href=\"https:\/\/catalans.ie\/en\/cineforum-temporada-2023\/\" target=\"&quot;_blank&quot;\">\n\t\t\t\tCinef\u00f2rum temporada 2023\t\t\t<\/a>\n\t\t<\/h3>\n\t\t\t\t<div class=\"elementor-post__meta-data\">\n\t\t\t\t\t<span class=\"elementor-post-date\">\n\t\t\t27 de May de 2023\t\t<\/span>\n\t\t\t\t<\/div>\n\t\t\t\t<div class=\"elementor-post__excerpt\">\n\t\t\t<p>La comunitat catalana a Irlanda, afectada per la pand\u00e8mia amb restriccions severes, va veure les activitats del Casal Catal\u00e0 interrompudes. Ara, amb una nova junta directiva, l&#8217;entitat ha repr\u00e8s amb<\/p>\n\t\t<\/div>\n\t\t\n\t\t<a class=\"elementor-post__read-more\" href=\"https:\/\/catalans.ie\/en\/cineforum-temporada-2023\/\" aria-label=\"Read more about Cinef\u00f2rum temporada 2023\" tabindex=\"-1\" target=\"_blank\">\n\t\t\t Read more \u00bb\t\t<\/a>\n\n\t\t\t\t<\/div>\n\t\t\t\t<\/article>\n\t\t\t\t<article class=\"elementor-post elementor-grid-item post-965 post type-post status-publish format-standard hentry category-blog\">\n\t\t\t\t<div class=\"elementor-post__text\">\n\t\t\t\t<h3 class=\"elementor-post__title\">\n\t\t\t<a href=\"https:\/\/catalans.ie\/en\/sant-joan-2023\/\" target=\"&quot;_blank&quot;\">\n\t\t\t\tSant Joan 2023\t\t\t<\/a>\n\t\t<\/h3>\n\t\t\t\t<div class=\"elementor-post__meta-data\">\n\t\t\t\t\t<span class=\"elementor-post-date\">\n\t\t\t17 de April de 2023\t\t<\/span>\n\t\t\t\t<\/div>\n\t\t\t\t<div class=\"elementor-post__excerpt\">\n\t\t\t<p>El Casal Catal\u00e0 d\u2019Irlanda, recentment renovat, va decidir celebrar la Nit de Sant Joan una setmana abans per la coincid\u00e8ncia amb el cap de setmana de la Pride, que feia<\/p>\n\t\t<\/div>\n\t\t\n\t\t<a class=\"elementor-post__read-more\" href=\"https:\/\/catalans.ie\/en\/sant-joan-2023\/\" aria-label=\"Read more about Sant Joan 2023\" tabindex=\"-1\" target=\"_blank\">\n\t\t\t Read more \u00bb\t\t<\/a>\n\n\t\t\t\t<\/div>\n\t\t\t\t<\/article>\n\t\t\t\t<\/div>\n\t\t\t\t\t<span class=\"e-load-more-spinner\">\n\t\t\t\t<svg aria-hidden=\"true\" class=\"e-font-icon-svg e-fas-spinner\" viewbox=\"0 0 512 512\" xmlns=\"http:\/\/www.w3.org\/2000\/svg\"><path d=\"M304 48c0 26.51-21.49 48-48 48s-48-21.49-48-48 21.49-48 48-48 48 21.49 48 48zm-48 368c-26.51 0-48 21.49-48 48s21.49 48 48 48 48-21.49 48-48-21.49-48-48-48zm208-208c-26.51 0-48 21.49-48 48s21.49 48 48 48 48-21.49 48-48-21.49-48-48-48zM96 256c0-26.51-21.49-48-48-48S0 229.49 0 256s21.49 48 48 48 48-21.49 48-48zm12.922 99.078c-26.51 0-48 21.49-48 48s21.49 48 48 48 48-21.49 48-48c0-26.509-21.491-48-48-48zm294.156 0c-26.51 0-48 21.49-48 48s21.49 48 48 48 48-21.49 48-48c0-26.509-21.49-48-48-48zM108.922 60.922c-26.51 0-48 21.49-48 48s21.49 48 48 48 48-21.49 48-48-21.491-48-48-48z\"><\/path><\/svg>\t\t\t<\/span>\n\t\t\n\t\t\t\t<\/div>\n\t\t\t\t<\/div>\n\t\t\t\t<\/div>\n\t\t\t\t\t<\/div>\n\t\t\t\t<\/div>\n\t\t\t\t<\/div>","protected":false},"excerpt":{"rendered":"<p>L&#8217;actualitat del Casal<\/p>","protected":false},"author":1,"featured_media":0,"parent":0,"menu_order":0,"comment_status":"closed","ping_status":"closed","template":"","meta":{"_price":"","_stock":"","_tribe_ticket_header":"","_tribe_default_ticket_provider":"","_tribe_ticket_capacity":"0","_ticket_start_date":"","_ticket_end_date":"","_tribe_ticket_show_description":"","_tribe_ticket_show_not_going":false,"_tribe_ticket_use_global_stock":"","_tribe_ticket_global_stock_level":"","_global_stock_mode":"","_global_stock_cap":"","_tribe_rsvp_for_event":"","_tribe_ticket_going_count":"","_tribe_ticket_not_going_count":"","_tribe_tickets_list":"[]","_tribe_ticket_has_attendee_info_fields":false,"footnotes":"","_tec_slr_enabled":"","_tec_slr_layout":""},"class_list":["post-24","page","type-page","status-publish","hentry"],"ticketed":false,"_links":{"self":[{"href":"https:\/\/catalans.ie\/en\/wp-json\/wp\/v2\/pages\/24","targetHints":{"allow":["GET"]}}],"collection":[{"href":"https:\/\/catalans.ie\/en\/wp-json\/wp\/v2\/pages"}],"about":[{"href":"https:\/\/catalans.ie\/en\/wp-json\/wp\/v2\/types\/page"}],"author":[{"embeddable":true,"href":"https:\/\/catalans.ie\/en\/wp-json\/wp\/v2\/users\/1"}],"replies":[{"embeddable":true,"href":"https:\/\/catalans.ie\/en\/wp-json\/wp\/v2\/comments?post=24"}],"version-history":[{"count":0,"href":"https:\/\/catalans.ie\/en\/wp-json\/wp\/v2\/pages\/24\/revisions"}],"wp:attachment":[{"href":"https:\/\/catalans.ie\/en\/wp-json\/wp\/v2\/media?parent=24"}],"curies":[{"name":"wp","href":"https:\/\/api.w.org\/{rel}","templated":true}]}}