{"id":628,"date":"2024-02-01T12:52:29","date_gmt":"2024-02-01T12:52:29","guid":{"rendered":"https:\/\/catalans.ie\/?page_id=628"},"modified":"2024-03-11T14:51:01","modified_gmt":"2024-03-11T14:51:01","slug":"esplai-casal","status":"publish","type":"page","link":"https:\/\/catalans.ie\/en\/catalan-house-esplai\/","title":{"rendered":"L&#8217;Esplai del Casal"},"content":{"rendered":"<div data-elementor-type=\"wp-page\" data-elementor-id=\"628\" class=\"elementor elementor-628\" data-elementor-post-type=\"page\">\n\t\t\t\t<div class=\"elementor-element elementor-element-7578d24 e-flex e-con-boxed e-con e-parent\" data-id=\"7578d24\" data-element_type=\"container\" data-settings=\"{&quot;background_background&quot;:&quot;classic&quot;}\">\n\t\t\t\t\t<div class=\"e-con-inner\">\n\t\t<div class=\"elementor-element elementor-element-1c7ab74 e-con-full e-flex e-con e-child\" data-id=\"1c7ab74\" data-element_type=\"container\">\n\t\t\t\t<div class=\"elementor-element elementor-element-6c08f8f elementor-widget elementor-widget-heading\" data-id=\"6c08f8f\" data-element_type=\"widget\" data-widget_type=\"heading.default\">\n\t\t\t\t<div class=\"elementor-widget-container\">\n\t\t\t<style>\/*! elementor - v3.22.0 - 26-06-2024 *\/\n.elementor-heading-title{padding:0;margin:0;line-height:1}.elementor-widget-heading .elementor-heading-title[class*=elementor-size-]>a{color:inherit;font-size:inherit;line-height:inherit}.elementor-widget-heading .elementor-heading-title.elementor-size-small{font-size:15px}.elementor-widget-heading .elementor-heading-title.elementor-size-medium{font-size:19px}.elementor-widget-heading .elementor-heading-title.elementor-size-large{font-size:29px}.elementor-widget-heading .elementor-heading-title.elementor-size-xl{font-size:39px}.elementor-widget-heading .elementor-heading-title.elementor-size-xxl{font-size:59px}<\/style><h2 class=\"elementor-heading-title elementor-size-default\">The Esplai del Casal Catal\u00e0 d'Irlanda<\/h2>\t\t<\/div>\n\t\t\t\t<\/div>\n\t\t\t\t<\/div>\n\t\t\t\t\t<\/div>\n\t\t\t\t<\/div>\n\t\t<div class=\"elementor-element elementor-element-03f339b e-flex e-con-boxed e-con e-parent\" data-id=\"03f339b\" data-element_type=\"container\">\n\t\t\t\t\t<div class=\"e-con-inner\">\n\t\t<div class=\"elementor-element elementor-element-8198da5 e-con-full e-flex e-con e-child\" data-id=\"8198da5\" data-element_type=\"container\">\n\t\t\t\t<div class=\"elementor-element elementor-element-adffb8b elementor-widget elementor-widget-image\" data-id=\"adffb8b\" data-element_type=\"widget\" data-widget_type=\"image.default\">\n\t\t\t\t<div class=\"elementor-widget-container\">\n\t\t\t<style>\/*! elementor - v3.22.0 - 26-06-2024 *\/\n.elementor-widget-image{text-align:center}.elementor-widget-image a{display:inline-block}.elementor-widget-image a img[src$=\".svg\"]{width:48px}.elementor-widget-image img{vertical-align:middle;display:inline-block}<\/style>\t\t\t\t\t\t\t\t\t\t<img fetchpriority=\"high\" decoding=\"async\" width=\"500\" height=\"504\" src=\"https:\/\/catalans.ie\/wp-content\/uploads\/esplai.jpg\" class=\"attachment-large size-large wp-image-661\" alt=\"\" srcset=\"https:\/\/catalans.ie\/wp-content\/uploads\/esplai.jpg 500w, https:\/\/catalans.ie\/wp-content\/uploads\/esplai-298x300.jpg 298w, https:\/\/catalans.ie\/wp-content\/uploads\/esplai-150x150.jpg 150w\" sizes=\"(max-width: 500px) 100vw, 500px\" \/>\t\t\t\t\t\t\t\t\t\t\t\t\t<\/div>\n\t\t\t\t<\/div>\n\t\t\t\t<\/div>\n\t\t\t\t\t<\/div>\n\t\t\t\t<\/div>\n\t\t<div class=\"elementor-element elementor-element-5bf7e2a e-flex e-con-boxed e-con e-parent\" data-id=\"5bf7e2a\" data-element_type=\"container\">\n\t\t\t\t\t<div class=\"e-con-inner\">\n\t\t<div class=\"elementor-element elementor-element-ccce92c e-con-full e-flex e-con e-child\" data-id=\"ccce92c\" data-element_type=\"container\">\n\t\t\t\t<div class=\"elementor-element elementor-element-2522127 elementor-widget elementor-widget-text-editor\" data-id=\"2522127\" data-element_type=\"widget\" data-widget_type=\"text-editor.default\">\n\t\t\t\t<div class=\"elementor-widget-container\">\n\t\t\t<style>\/*! elementor - v3.22.0 - 26-06-2024 *\/\n.elementor-widget-text-editor.elementor-drop-cap-view-stacked .elementor-drop-cap{background-color:#69727d;color:#fff}.elementor-widget-text-editor.elementor-drop-cap-view-framed .elementor-drop-cap{color:#69727d;border:3px solid;background-color:transparent}.elementor-widget-text-editor:not(.elementor-drop-cap-view-default) .elementor-drop-cap{margin-top:8px}.elementor-widget-text-editor:not(.elementor-drop-cap-view-default) .elementor-drop-cap-letter{width:1em;height:1em}.elementor-widget-text-editor .elementor-drop-cap{float:left;text-align:center;line-height:1;font-size:50px}.elementor-widget-text-editor .elementor-drop-cap-letter{display:inline-block}<\/style>\t\t\t\t<p>The Esplai of the Casal Catal\u00e0 in Dublin is much more than just a meeting place; it is a true magical space where children can unleash their imagination and live unforgettable adventures. Every Sunday, we open the doors of this enchanted place to offer an experience that captivates the senses and enlightens the soul.<\/p><p>Here, children dive into a world of endless possibilities, where every corner is a new opportunity for fun and discovery.<\/p><p>With mysterious activities, creative crafts, and exciting games, every moment at the Esplai is a new adventure waiting to be lived.<\/p><p>Under the guidance of our monitors, who are true child enchanters, children become explorers of the world, discovering their potential and growing with each experience. At the Esplai of the Casal Catal\u00e0 in Dublin, smiles are contagious, and memories are unforgettable.<\/p><p>Vine i experimenta la m\u00e0gia per tu mateix! Si desitges unir-te a aquesta aventura encantada, posa&#8217;t en contacte amb nosaltres a <a href=\"mailto:info@catalans.com\">info@catalans.ie.<\/a><\/p><p>We will be waiting to share magical moments at the Esplai of the Casal Catal\u00e0 in Dublin. Don't miss this opportunity to discover a space where dreams come true!<\/p>\t\t\t\t\t\t<\/div>\n\t\t\t\t<\/div>\n\t\t\t\t<\/div>\n\t\t\t\t\t<\/div>\n\t\t\t\t<\/div>\n\t\t<div class=\"elementor-element elementor-element-3401830 e-flex e-con-boxed e-con e-parent\" data-id=\"3401830\" data-element_type=\"container\">\n\t\t\t\t\t<div class=\"e-con-inner\">\n\t\t<div class=\"elementor-element elementor-element-702e10d e-con-full e-flex e-con e-child\" data-id=\"702e10d\" data-element_type=\"container\">\n\t\t\t\t<div class=\"elementor-element elementor-element-4d0fd53 elementor-widget elementor-widget-image\" data-id=\"4d0fd53\" data-element_type=\"widget\" data-widget_type=\"image.default\">\n\t\t\t\t<div class=\"elementor-widget-container\">\n\t\t\t\t\t\t\t\t\t\t\t\t\t<img decoding=\"async\" width=\"768\" height=\"1024\" src=\"https:\/\/catalans.ie\/wp-content\/uploads\/castanyada2-1.jpg\" class=\"attachment-large size-large wp-image-656\" alt=\"\" srcset=\"https:\/\/catalans.ie\/wp-content\/uploads\/castanyada2-1.jpg 768w, https:\/\/catalans.ie\/wp-content\/uploads\/castanyada2-1-225x300.jpg 225w\" sizes=\"(max-width: 768px) 100vw, 768px\" \/>\t\t\t\t\t\t\t\t\t\t\t\t\t<\/div>\n\t\t\t\t<\/div>\n\t\t\t\t<\/div>\n\t\t<div class=\"elementor-element elementor-element-61b39e4 e-con-full e-flex e-con e-child\" data-id=\"61b39e4\" data-element_type=\"container\">\n\t\t\t\t<div class=\"elementor-element elementor-element-a3ae351 elementor-widget elementor-widget-image\" data-id=\"a3ae351\" data-element_type=\"widget\" data-widget_type=\"image.default\">\n\t\t\t\t<div class=\"elementor-widget-container\">\n\t\t\t\t\t\t\t\t\t\t\t\t\t<img decoding=\"async\" width=\"768\" height=\"1024\" src=\"https:\/\/catalans.ie\/wp-content\/uploads\/castanyada-1.jpg\" class=\"attachment-large size-large wp-image-655\" alt=\"\" srcset=\"https:\/\/catalans.ie\/wp-content\/uploads\/castanyada-1.jpg 768w, https:\/\/catalans.ie\/wp-content\/uploads\/castanyada-1-225x300.jpg 225w\" sizes=\"(max-width: 768px) 100vw, 768px\" \/>\t\t\t\t\t\t\t\t\t\t\t\t\t<\/div>\n\t\t\t\t<\/div>\n\t\t\t\t<\/div>\n\t\t<div class=\"elementor-element elementor-element-42c7cea e-con-full e-flex e-con e-child\" data-id=\"42c7cea\" data-element_type=\"container\">\n\t\t\t\t<div class=\"elementor-element elementor-element-c91808a elementor-widget elementor-widget-image\" data-id=\"c91808a\" data-element_type=\"widget\" data-widget_type=\"image.default\">\n\t\t\t\t<div class=\"elementor-widget-container\">\n\t\t\t\t\t\t\t\t\t\t\t\t\t<img loading=\"lazy\" decoding=\"async\" width=\"768\" height=\"1024\" src=\"https:\/\/catalans.ie\/wp-content\/uploads\/castanyada3.jpg\" class=\"attachment-large size-large wp-image-657\" alt=\"\" srcset=\"https:\/\/catalans.ie\/wp-content\/uploads\/castanyada3.jpg 768w, https:\/\/catalans.ie\/wp-content\/uploads\/castanyada3-225x300.jpg 225w\" sizes=\"(max-width: 768px) 100vw, 768px\" \/>\t\t\t\t\t\t\t\t\t\t\t\t\t<\/div>\n\t\t\t\t<\/div>\n\t\t\t\t<\/div>\n\t\t\t\t\t<\/div>\n\t\t\t\t<\/div>\n\t\t\t\t<\/div>","protected":false},"excerpt":{"rendered":"<p>L&#8217;Esplai del Casal Catal\u00e0 d&#8217;Irlanda L&#8217;Esplai del Casal Catal\u00e0 de Dubl\u00edn \u00e9s molt m\u00e9s que un simple lloc de trobada; \u00e9s un veritable espai m\u00e0gic on els infants poden deixar [&hellip;]<\/p>","protected":false},"author":1,"featured_media":0,"parent":0,"menu_order":0,"comment_status":"closed","ping_status":"closed","template":"","meta":{"_price":"","_stock":"","_tribe_ticket_header":"","_tribe_default_ticket_provider":"","_tribe_ticket_capacity":"0","_ticket_start_date":"","_ticket_end_date":"","_tribe_ticket_show_description":"","_tribe_ticket_show_not_going":false,"_tribe_ticket_use_global_stock":"","_tribe_ticket_global_stock_level":"","_global_stock_mode":"","_global_stock_cap":"","_tribe_rsvp_for_event":"","_tribe_ticket_going_count":"","_tribe_ticket_not_going_count":"","_tribe_tickets_list":"[]","_tribe_ticket_has_attendee_info_fields":false,"footnotes":"","_tec_slr_enabled":"","_tec_slr_layout":""},"class_list":["post-628","page","type-page","status-publish","hentry"],"ticketed":false,"_links":{"self":[{"href":"https:\/\/catalans.ie\/en\/wp-json\/wp\/v2\/pages\/628","targetHints":{"allow":["GET"]}}],"collection":[{"href":"https:\/\/catalans.ie\/en\/wp-json\/wp\/v2\/pages"}],"about":[{"href":"https:\/\/catalans.ie\/en\/wp-json\/wp\/v2\/types\/page"}],"author":[{"embeddable":true,"href":"https:\/\/catalans.ie\/en\/wp-json\/wp\/v2\/users\/1"}],"replies":[{"embeddable":true,"href":"https:\/\/catalans.ie\/en\/wp-json\/wp\/v2\/comments?post=628"}],"version-history":[{"count":0,"href":"https:\/\/catalans.ie\/en\/wp-json\/wp\/v2\/pages\/628\/revisions"}],"wp:attachment":[{"href":"https:\/\/catalans.ie\/en\/wp-json\/wp\/v2\/media?parent=628"}],"curies":[{"name":"wp","href":"https:\/\/api.w.org\/{rel}","templated":true}]}}