{"id":1075,"date":"2025-07-25T15:48:59","date_gmt":"2025-07-25T14:48:59","guid":{"rendered":"https:\/\/catalans.ie\/?page_id=1075"},"modified":"2026-03-18T19:16:47","modified_gmt":"2026-03-18T19:16:47","slug":"castellers-deire","status":"publish","type":"page","link":"https:\/\/catalans.ie\/ga\/castellers-deire\/","title":{"rendered":"Castellers d&#8217;\u00c9ire"},"content":{"rendered":"<div data-elementor-type=\"wp-page\" data-elementor-id=\"1075\" class=\"elementor elementor-1075\" data-elementor-post-type=\"page\">\n\t\t\t\t<div class=\"elementor-element elementor-element-a9d65fe e-con-full e-flex e-con e-parent\" data-id=\"a9d65fe\" data-element_type=\"container\">\n\t\t\t\t<div class=\"elementor-element elementor-element-7f23dec elementor-widget elementor-widget-html\" data-id=\"7f23dec\" data-element_type=\"widget\" data-widget_type=\"html.default\">\n\t\t\t\t<div class=\"elementor-widget-container\">\n\t\t\t<div class=\"header-div\">\n    <img decoding=\"async\" id=\"header-img\" src=\"https:\/\/catalans.ie\/wp-content\/themes\/hello-elementor\/assets\/castellers\/images\/header-img.png\" alt=\"Our team\">\n    <h1 id=\"heading\" class=\"text-center\">CASTELLERS D'\u00c9IRE<\/h1>\n<\/div>\n<div class=\"text-center\" id=\"main-div\">\n    <div class=\"yellow-div p-5\">\n            <div class=\"align-items-center row\">\n                <div class=\"col-lg-6\">\n                    <h3 class=\"pb-2\">C\u00c9 MUID<\/h3>\n                    <p>\n                        Is sinne Castellers d\u2019\u00c9ire, colla chaisle\u00e1n a buna\u00edodh i mBaile \u00c1tha Cliath sa bhliain 2025. Thosaigh an tionscadal seo le gr\u00fapa Catal\u00f3nach ina gc\u00f3na\u00ed in \u00c9irinn, le fonn orainn traidisi\u00fan at\u00e1 f\u00edorth\u00e1bhachtach d\u00fainn a roinnt, agus sp\u00e1s pobail agus cruinnithe a chruth\u00fa.\n                    <\/p>\n                    <p>\n                        D\u00fainne, is i bhfad n\u00edos m\u00f3 n\u00e1 gn\u00edomha\u00edocht chult\u00fartha at\u00e1 sna castells \u2014 is bealach iad le nasc a chruth\u00fa le daoine eile, le f\u00e1s mar ghr\u00fapa, agus le luachanna mar mhuin\u00edn, iarracht agus cuimsitheacht a chleachtadh.\n                    <\/p>\n                    <p>\n                        Faoi l\u00e1thair is colla bheag muid, le thart ar 15\u201320 ball, ach t\u00e1 neart fuinnimh againn agus fonn orainn an tionscadal seo a fhorbairt de r\u00e9ir a ch\u00e9ile agus ar bhonn l\u00e1idir. T\u00e1 f\u00e1ilte roimh gach duine, beag beann ar bhun\u00fas n\u00f3 taith\u00ed. N\u00ed g\u00e1 a bheith i do Chatal\u00f3nach n\u00e1 castell a bheith feicthe agat riamh \u2014 m\u00e1 t\u00e1 suim agat, beidh f\u00e1ilte mh\u00f3r romhat!\n                    <\/p>\n                    <p class=\"pb-0\">\n                        Ba mhaith linn go mbeadh Castellers d\u2019\u00c9ire n\u00edos m\u00f3 n\u00e1 colla amh\u00e1in \u2014 ba mhaith linn sp\u00e1s a chruth\u00fa ina mbraitheann gach duine f\u00e1ilti\u00fail, luachmhar agus mar chuid d\u2019fhorbairt bheo phobail.\n                    <\/p>\n                <\/div>\n                <div class=\"col-xl-3 col-sm-6 col-12 mx-auto\">\n                    <img decoding=\"async\" id=\"qui-som-img\" class=\"img-fluid ultra-rounded-border\" src=\"https:\/\/catalans.ie\/wp-content\/themes\/hello-elementor\/assets\/castellers\/images\/logo\" \n                        alt=\"Pilar de 2 amb gent voltant\">\n                <\/div>\n            <\/div>\n        <\/div>\n        \n        <div class=\"green-div p-2 pb-5\">\n            <div class=\"row\">\n                <div class=\"col-md-6 pb-3 d-flex align-items-end justify-content-center\">\n                    <div class=\"text-center mt-5\">\n\n                        <h3>TAR AG BAIN TRIAIL AS!<\/h3>\n                        <div id=\"vine-a-provar-div\" class=\"dark-green-div ultra-rounded-border col-10 mx-auto pt-3\">\n                            <h5 class=\"text-center fw-bold\">Cad ba ch\u00f3ir dom a thabhairt liom?<\/h5>\n                            <p>\ud83d\udc56 Seanjeans (b\u2019fh\u00e9idir go n-\u00e9ireoidh siad beag\u00e1n tuirseach \ud83d\ude05)<\/p>\n                            <p>\ud83d\udc55 L\u00e9ine nach bhfuil r\u00f3luachmhar duit<\/p>\n                            <p>\ud83e\uddf7 Crios maith!<\/p>\n                            <p>\ud83c\udf81 Agus n\u00e1 b\u00ed buartha... tabharfaimid faixa duit chun tos\u00fa!<\/p>\n                            <div class=\"d-none d-sm-inline\">\n                                <h5 class=\"text-center fw-bold\">Cad ba ch\u00f3ir dom a dh\u00e9anamh?<\/h5>\n                                <p>\ud83d\udce9 Seol DM chugainn ar Insta<\/p>\n                                <p>\ud83d\udeaa N\u00f3 buail isteach go d\u00edreach ag an gc\u00e9ad chleachtadh eile!<\/p>\n                                <p>\ud83d\ude04 Bain taitneamh as, g\u00e1ir g\u00e1ire, agus b\u00ed p\u00e1irteach leis an gcumann!<\/p>\n                                <div class=\"d-none d-lg-inline\">\n                                    <h5 class=\"text-center fw-bold\">Agus m\u00e1s maith liom \u00e9 agus gur mhaith liom fanacht?<\/h5>\n                                    <p>\ud83d\udde3\ufe0f Labhair le duine \u00f3n bhfoireann theicni\u00fail (t\u00e1 siad an-chairdi\u00fail, geallaimid duit)<\/p>\n                                    <p>\ud83c\udfbd Faigh do chuid f\u00e9in faixa agus t\u00e1 t\u00fa anois mar bhall den teaghlach!<\/p>\n\n                                    <p>\ud83d\udc9a N\u00edl aon taith\u00ed n\u00e1 riocht coirp speisialta ag teast\u00e1il \u2014 t\u00e1 f\u00e1ilte roimh ch\u00e1ch!<\/p>\n                                    <p>\ud83e\udd73 Agus de ghn\u00e1th, tar \u00e9is na gcleachtadh, b\u00edmid ag \u00f3l beorach, ag comhr\u00e1, agus ag baint taitnimh as dea-chraic.\n                                    <\/p>\n                                <\/div>\n                            <\/div>\n                        <\/div>\n                    <\/div>\n                <\/div>\n                <div class=\"col-md-6\">\n                    <i class=\"fa-solid fa-calendar-days fa-2x pt-3\" style=\"color: #3EB489;\"><\/i>\n                    <h3>\u00c1R gCL\u00c1R AMA<\/h3>\n                    <div class=\"d-flex justify-content-center\">\n                        <iframe id=\"calendar\" class=\"px-2 mb-3 ultra-rounded-border\"\n                            src=\"https:\/\/calendar.google.com\/calendar\/embed?src=castellersdedublin%40gmail.com&ctz=Europe%2FDublin\"\n                            frameborder=\"0\" scrolling=\"no\" loading=\"lazy\" allowfullscreen>\n                        <\/iframe>\n                    <\/div>\n                <\/div>\n            <\/div>\n        <\/div>\n        \n        <div class=\"yellow-div p-5\">\n            <div class=\"row d-flex justify-content-center\">\n                <div class=\"col-md-6\">\n                    <i class=\"fa-solid fa-location-dot fa-2x\" style=\"color: #FFDD57;\"><\/i>\n                    <h3>CONAS SINN A FH\u00c1IL<\/h3>\n                    <p>Ens trobar\u00e0s cada diumenge al Portobello Community Hall, D08 AY98. Els horaris poden canviar aix\u00ed que recomanem assegurar l'horari via instagram abans de venir.<\/p>\n                    <div class=\"d-flex justify-content-center mx-auto\">\n                        <iframe src=\"https:\/\/www.google.com\/maps\/embed?pb=!1m18!1m12!1m3!1d2851.102416127977!2d-6.274193823013312!3d53.331789175812276!2m3!1f0!2f0!3f0!3m2!1i1024!2i768!4f13.1!3m3!1m2!1s0x48670dd157405ef5%3A0x375b5311ce518463!2sPortobello%20Community%20Hall!5e1!3m2!1sen!2sie!4v1773858355062!5m2!1sen!2sie\" width=\"600\" height=\"450\" style=\"border:0;\" allowfullscreen loading=\"lazy\" referrerpolicy=\"no-referrer-when-downgrade\" class=\"ultra-rounded-border\" id=\"map\" ><\/iframe>\n                    <\/div>\n                <\/div>\n                <div class=\"col-md-6 d-flex align-items-end justify-content-center\">\n                    <div id=\"contactans-div\"\n                        class=\"col-lg-8 col-md-12 dark-yellow-div ultra-rounded-border p-5 mx-auto mt-3 d-flex align-items-center justify-content-center\">\n                        <div>\n                            <h3 class=\"pt-3\">D\u00c9AN TEAGMH\u00c1IL LINN!<\/h3>\n                            <i class=\"fa-solid fa-envelope mt-3\"><\/i>\n                            <br>\n                            <a href=\"mailto: castellers@catalans.ie\">castellers@catalans.ie<\/a>\n                            <br>\n                            <i class=\"fa-brands fa-instagram mt-3\"><\/i>\n                            <br>\n                            <a href=\"\/ga\/instagram.com\/castellersofeire\/\" target=\"_blank\">@castellersofeire<\/a>\n                            <br>\n                            <i class=\"fa-brands fa-facebook mt-3\"><\/i>\n                            <br>\n                          <a href=\"https:\/\/www.facebook.com\/castellers.of.eire\" target=\"_blank\" class=\"mb-1\">Castellers of \u00c9ire<\/a>\n                          <br>\n                            <i class=\"fa-brands fa-meetup mt-3\"><\/i>\n                            <br>\n                            <a href=\"https:\/\/www.meetup.com\/colla-castellera-nova-a-dublin\/\" target=\"_blank\">Castellers\n                                of\n                                \u00c9ire<\/a>\n                            <br>\n                            <i class=\"fa-brands fa-tiktok mt-3\"><\/i>\n                            <br>\n                            <a href=\"https:\/\/www.tiktok.com\/@castellersdeire\" target=\"_blank\">Castellers of \u00c9ire<\/a>\n                        <\/div>\n                    <\/div>\n                <\/div>\n            <\/div>\n        <\/div>\n        \n        <div class=\"green-div p-5\">\n            <div class=\"row\">\n                <h3>GAILEARA\u00cd<\/h3>\n                <div id=\"carouselExampleIndicators\" class=\"carousel slide d-none d-sm-inline\" data-bs-ride=\"carousel\">\n                    <div class=\"carousel-indicators\">\n                        <button type=\"button\" data-bs-target=\"#carouselExampleIndicators\" data-bs-slide-to=\"0\"\n                            class=\"active\" aria-current=\"true\" aria-label=\"Slider 1\"><\/button>\n                        <button type=\"button\" data-bs-target=\"#carouselExampleIndicators\" data-bs-slide-to=\"1\"\n                            aria-label=\"Slider 2\"><\/button>\n                        <button type=\"button\" data-bs-target=\"#carouselExampleIndicators\" data-bs-slide-to=\"2\"\n                            aria-label=\"Slider 3\"><\/button>\n                        <button type=\"button\" data-bs-target=\"#carouselExampleIndicators\" data-bs-slide-to=\"3\"\n                            aria-label=\"Slider 4\"><\/button>\n                    <\/div>\n\n                    <div class=\"carousel-inner\">\n\n                        <!-- Slider 1 -->\n                        <div class=\"carousel-item active\">\n                            <div class=\"row\">\n                                <div class=\"col-12 col-md-4\">\n                                    <img decoding=\"async\" src=\"https:\/\/catalans.ie\/wp-content\/themes\/hello-elementor\/assets\/castellers\/images\/slide-1.jpg\" class=\"img-fluid w-100\" alt=\"Slide 1\">\n                                <\/div>\n                                <div class=\"d-none d-md-block col-md-4\">\n                                    <img decoding=\"async\" src=\"https:\/\/catalans.ie\/wp-content\/themes\/hello-elementor\/assets\/castellers\/images\/slide-2.jpg\" class=\"img-fluid w-100\" alt=\"Slide 2\">\n                                <\/div>\n                                <div class=\"d-none d-md-block col-md-4\">\n                                    <img decoding=\"async\" src=\"https:\/\/catalans.ie\/wp-content\/themes\/hello-elementor\/assets\/castellers\/images\/slide-3.jpg\" class=\"img-fluid w-100\" alt=\"Slide 3\">\n                                <\/div>\n                            <\/div>\n                        <\/div>\n\n                        <!-- Slider 2 -->\n                        <div class=\"carousel-item\">\n                            <div class=\"row\">\n                                <div class=\"col-12 col-md-4\">\n                                    <img decoding=\"async\" src=\"https:\/\/catalans.ie\/wp-content\/themes\/hello-elementor\/assets\/castellers\/images\/slide-4.jpg\" class=\"img-fluid w-100\" alt=\"Slide 4\">\n                                <\/div>\n                                <div class=\"d-none d-md-block col-md-4\">\n                                    <img decoding=\"async\" src=\"https:\/\/catalans.ie\/wp-content\/themes\/hello-elementor\/assets\/castellers\/images\/slide-5.jpg\" class=\"img-fluid w-100\" alt=\"Slide 5\">\n                                <\/div>\n                                <div class=\"d-none d-md-block col-md-4\">\n                                    <img decoding=\"async\" src=\"https:\/\/catalans.ie\/wp-content\/themes\/hello-elementor\/assets\/castellers\/images\/slide-6.jpg\" class=\"img-fluid h-75\" alt=\"Slide 6\">\n                                <\/div>\n                            <\/div>\n                        <\/div>\n\n                        <!-- Slider 3 -->\n                        <div class=\"carousel-item\">\n                            <div class=\"row\">\n                                <div class=\"col-12 col-md-4\">\n                                    <img decoding=\"async\" src=\"https:\/\/catalans.ie\/wp-content\/themes\/hello-elementor\/assets\/castellers\/images\/slide-7.jpg\" class=\"img-fluid w-100\" alt=\"Slide 7\">\n                                <\/div>\n                                <div class=\"d-none d-md-block col-md-4\">\n                                    <img decoding=\"async\" src=\"https:\/\/catalans.ie\/wp-content\/themes\/hello-elementor\/assets\/castellers\/images\/slide-8.jpg\" class=\"img-fluid  h-75\" alt=\"Slide 8\">\n                                <\/div>\n                                <div class=\"d-none d-md-block col-md-4\">\n                                    <img decoding=\"async\" src=\"https:\/\/catalans.ie\/wp-content\/themes\/hello-elementor\/assets\/castellers\/images\/slide-9.jpg\" class=\"img-fluid h-75\" alt=\"Slide 9 (repeated)\">\n                                <\/div>\n                            <\/div>\n                        <\/div>\n                        \n                        <!--Slider 4 -->\n                        <div class=\"carousel-item\">\n                            <div class=\"row\">\n                                <div class=\"col-12 col-md-4\">\n                                    <img decoding=\"async\" src=\"https:\/\/catalans.ie\/wp-content\/themes\/hello-elementor\/assets\/castellers\/images\/slide-10.jpg\" class=\"img-fluid h-75\" alt=\"Slide 10\">\n                                <\/div>\n                                <div class=\"d-none d-md-block col-md-4\">\n                                    <img decoding=\"async\" src=\"https:\/\/catalans.ie\/wp-content\/themes\/hello-elementor\/assets\/castellers\/images\/slide-11.jpg\" class=\"img-fluid h-75\" alt=\"Slide 11\">\n                                <\/div>\n                                <div class=\"d-none d-md-block col-md-4\">\n                                    <img decoding=\"async\" src=\"https:\/\/catalans.ie\/wp-content\/themes\/hello-elementor\/assets\/castellers\/images\/slide-12.jpg\" class=\"img-fluid h-75\" alt=\"Slide 12\">\n                                <\/div>\n                            <\/div>\n                        <\/div>\n\n                    <\/div>\n\n                    <!-- Controls -->\n                    <button class=\"carousel-control-prev\" type=\"button\" data-bs-target=\"#carouselExampleIndicators\"\n                        data-bs-slide=\"prev\">\n                        <span class=\"carousel-control-prev-icon\" aria-hidden=\"true\"><\/span>\n                        <span class=\"visually-hidden\">Previous<\/span>\n                    <\/button>\n                    <button class=\"carousel-control-next\" type=\"button\" data-bs-target=\"#carouselExampleIndicators\"\n                        data-bs-slide=\"next\">\n                        <span class=\"carousel-control-next-icon\" aria-hidden=\"true\"><\/span>\n                        <span class=\"visually-hidden\">Next<\/span>\n                    <\/button>\n                <\/div>\n                \n                <!-- Carrousel for phone screens -->\n                <div id=\"phoneCarrousel\" class=\"carousel slide d-sm-none\" data-bs-ride=\"carousel\">\n                    <div class=\"carousel-indicators\">\n                      <button type=\"button\" data-bs-target=\"#carouselExampleIndicators\" data-bs-slide-to=\"0\" class=\"active\" aria-current=\"true\" aria-label=\"Slide 1\"><\/button>\n                      <button type=\"button\" data-bs-target=\"#carouselExampleIndicators\" data-bs-slide-to=\"1\" aria-label=\"Slide 2\"><\/button>\n                      <button type=\"button\" data-bs-target=\"#carouselExampleIndicators\" data-bs-slide-to=\"2\" aria-label=\"Slide 3\"><\/button>\n                      <button type=\"button\" data-bs-target=\"#carouselExampleIndicators\" data-bs-slide-to=\"3\" aria-label=\"Slide 4\"><\/button>\n                      <button type=\"button\" data-bs-target=\"#carouselExampleIndicators\" data-bs-slide-to=\"4\" aria-label=\"Slide 5\"><\/button>\n                      <button type=\"button\" data-bs-target=\"#carouselExampleIndicators\" data-bs-slide-to=\"5\" aria-label=\"Slide 6\"><\/button>\n                      <button type=\"button\" data-bs-target=\"#carouselExampleIndicators\" data-bs-slide-to=\"6\" aria-label=\"Slide 7\"><\/button>\n                      <button type=\"button\" data-bs-target=\"#carouselExampleIndicators\" data-bs-slide-to=\"7\" aria-label=\"Slide 8\"><\/button>\n                      <button type=\"button\" data-bs-target=\"#carouselExampleIndicators\" data-bs-slide-to=\"8\" aria-label=\"Slide 9\"><\/button>\n                      <button type=\"button\" data-bs-target=\"#carouselExampleIndicators\" data-bs-slide-to=\"9\" aria-label=\"Slide 10\"><\/button>\n                      <button type=\"button\" data-bs-target=\"#carouselExampleIndicators\" data-bs-slide-to=\"10\" aria-label=\"Slide 11\"><\/button>\n                      <button type=\"button\" data-bs-target=\"#carouselExampleIndicators\" data-bs-slide-to=\"11\" aria-label=\"Slide 12\"><\/button>\n                    <\/div>\n                    <div class=\"carousel-inner\">\n                      <div class=\"carousel-item active\"><img decoding=\"async\" src=\"https:\/\/catalans.ie\/wp-content\/themes\/hello-elementor\/assets\/castellers\/images\/slide-1.jpg\" class=\"d-block w-100\" alt=\"Slide 1\"><\/div>\n                      <div class=\"carousel-item\"><img decoding=\"async\" src=\"https:\/\/catalans.ie\/wp-content\/themes\/hello-elementor\/assets\/castellers\/images\/slide-2.jpg\" class=\"d-block w-100\" alt=\"Slide-2\"><\/div>\n                      <div class=\"carousel-item\"><img decoding=\"async\" src=\"https:\/\/catalans.ie\/wp-content\/themes\/hello-elementor\/assets\/castellers\/images\/slide-3.jpg\" class=\"d-block w-100\" alt=\"Slide-3\"><\/div>\n                      <div class=\"carousel-item\"><img decoding=\"async\" src=\"https:\/\/catalans.ie\/wp-content\/themes\/hello-elementor\/assets\/castellers\/images\/slide-4.jpg\" class=\"d-block w-100\" alt=\"Slide-4\"><\/div>\n                      <div class=\"carousel-item\"><img decoding=\"async\" src=\"https:\/\/catalans.ie\/wp-content\/themes\/hello-elementor\/assets\/castellers\/images\/slide-5.jpg\" class=\"d-block w-100\" alt=\"Slide-5\"><\/div>\n                      <div class=\"carousel-item\"><img decoding=\"async\" src=\"https:\/\/catalans.ie\/wp-content\/themes\/hello-elementor\/assets\/castellers\/images\/slide-6.jpg\" class=\"d-block w-100\" alt=\"Slide-6\"><\/div>\n                      <div class=\"carousel-item\"><img decoding=\"async\" src=\"https:\/\/catalans.ie\/wp-content\/themes\/hello-elementor\/assets\/castellers\/images\/slide-7.jpg\" class=\"d-block w-100\" alt=\"Slide-7\"><\/div>\n                      <div class=\"carousel-item\"><img decoding=\"async\" src=\"https:\/\/catalans.ie\/wp-content\/themes\/hello-elementor\/assets\/castellers\/images\/slide-8.jpg\" class=\"d-block w-100\" alt=\"Slide-8\"><\/div>\n                      <div class=\"carousel-item\"><img decoding=\"async\" src=\"https:\/\/catalans.ie\/wp-content\/themes\/hello-elementor\/assets\/castellers\/images\/slide-9.jpg\" class=\"d-block w-100\" alt=\"Slide-9\"><\/div>\n                      <div class=\"carousel-item\"><img decoding=\"async\" src=\"https:\/\/catalans.ie\/wp-content\/themes\/hello-elementor\/assets\/castellers\/images\/slide-10.jpg\" class=\"d-block w-100\" alt=\"Slide-10\"><\/div>\n                      <div class=\"carousel-item\"><img decoding=\"async\" src=\"https:\/\/catalans.ie\/wp-content\/themes\/hello-elementor\/assets\/castellers\/images\/slide-11.jpg\" class=\"d-block w-100\" alt=\"Slide-11\"><\/div>\n                      <div class=\"carousel-item\"><img decoding=\"async\" src=\"https:\/\/catalans.ie\/wp-content\/themes\/hello-elementor\/assets\/castellers\/images\/slide-12.jpg\" class=\"d-block w-100\" alt=\"Slide-12\"><\/div>\n                    <\/div>\n                    <button class=\"carousel-control-prev\" type=\"button\" data-bs-target=\"#phoneCarrousel\" data-bs-slide=\"prev\">\n                      <span class=\"carousel-control-prev-icon\" aria-hidden=\"true\"><\/span>\n                      <span class=\"visually-hidden\">Previous<\/span>\n                    <\/button>\n                    <button class=\"carousel-control-next\" type=\"button\" data-bs-target=\"#phoneCarrousel\" data-bs-slide=\"next\">\n                      <span class=\"carousel-control-next-icon\" aria-hidden=\"true\"><\/span>\n                      <span class=\"visually-hidden\">Next<\/span>\n                    <\/button>\n                  <\/div>\n            <\/div>\n        <\/div>\n    <\/div>\t\t<\/div>\n\t\t\t\t<\/div>\n\t\t\t\t<\/div>\n\t\t\t\t<\/div>","protected":false},"excerpt":{"rendered":"<p>CASTELLERS D&#8217;\u00c9IRE QUI SOM Som els Castellers d\u2019\u00c9ire, una colla castellera nascuda a Dubl\u00edn l\u2019any 2025. Vam comen\u00e7ar aquest projecte un grup de catalans residents a Irlanda amb la il\u00b7lusi\u00f3 [&hellip;]<\/p>","protected":false},"author":1,"featured_media":0,"parent":0,"menu_order":0,"comment_status":"closed","ping_status":"closed","template":"elementor_header_footer","meta":{"_price":"","_stock":"","_tribe_ticket_header":"","_tribe_default_ticket_provider":"","_tribe_ticket_capacity":"0","_ticket_start_date":"","_ticket_end_date":"","_tribe_ticket_show_description":"","_tribe_ticket_show_not_going":false,"_tribe_ticket_use_global_stock":"","_tribe_ticket_global_stock_level":"","_global_stock_mode":"","_global_stock_cap":"","_tribe_rsvp_for_event":"","_tribe_ticket_going_count":"","_tribe_ticket_not_going_count":"","_tribe_tickets_list":"[]","_tribe_ticket_has_attendee_info_fields":false,"footnotes":"","_tec_slr_enabled":"","_tec_slr_layout":""},"class_list":["post-1075","page","type-page","status-publish","hentry"],"ticketed":false,"_links":{"self":[{"href":"https:\/\/catalans.ie\/ga\/wp-json\/wp\/v2\/pages\/1075","targetHints":{"allow":["GET"]}}],"collection":[{"href":"https:\/\/catalans.ie\/ga\/wp-json\/wp\/v2\/pages"}],"about":[{"href":"https:\/\/catalans.ie\/ga\/wp-json\/wp\/v2\/types\/page"}],"author":[{"embeddable":true,"href":"https:\/\/catalans.ie\/ga\/wp-json\/wp\/v2\/users\/1"}],"replies":[{"embeddable":true,"href":"https:\/\/catalans.ie\/ga\/wp-json\/wp\/v2\/comments?post=1075"}],"version-history":[{"count":0,"href":"https:\/\/catalans.ie\/ga\/wp-json\/wp\/v2\/pages\/1075\/revisions"}],"wp:attachment":[{"href":"https:\/\/catalans.ie\/ga\/wp-json\/wp\/v2\/media?parent=1075"}],"curies":[{"name":"wp","href":"https:\/\/api.w.org\/{rel}","templated":true}]}}